{"id":109230,"date":"2024-11-08T16:24:59","date_gmt":"2024-11-08T15:24:59","guid":{"rendered":"https:\/\/secureus.se\/rullas-4238-gul\/"},"modified":"2026-04-13T23:16:22","modified_gmt":"2026-04-13T21:16:22","slug":"rullas-4238-gul","status":"publish","type":"product","link":"https:\/\/secureus.se\/fr\/rullas-4238-gul\/","title":{"rendered":"Serrure \u00e0 rouleau 4238 Jaune"},"content":{"rendered":"<p>Le verrou \u00e0 rouleau sym\u00e9trique ABLOY 4238 est con\u00e7u pour les portes de sauna et les portes simples \u00e0 poign\u00e9e. Il est dot\u00e9 d&#039;un piston \u00e0 rouleau dont la saillie est r\u00e9glable par une vis situ\u00e9e sur le montant. Pour des raisons de s\u00e9curit\u00e9, ce verrou est toujours utilis\u00e9 avec un dispositif de s\u00e9curit\u00e9 suppl\u00e9mentaire. <strong>plaque d&#039;extr\u00e9mit\u00e9 0046<\/strong> qui ne sont pas inclus et doivent \u00eatre achet\u00e9s s\u00e9par\u00e9ment.<\/p>\n<div>\n<p><b>Propri\u00e9t\u00e9s:<\/b><\/p>\n<ul>\n<li>Pour portes battantes \u00e0 droite ou \u00e0 gauche<\/li>\n<li>Utilis\u00e9 avec Slutbleck 0046.<\/li>\n<li>Dimensions du poteau de verrouillage : 20\u00d7150 mm<\/li>\n<li>Profondeur : 36,5 mm<\/li>\n<\/ul>\n<\/div>","protected":false},"excerpt":{"rendered":"<p>ABLOY 4238 est une serrure \u00e0 rouleau sym\u00e9trique utilis\u00e9e pour les portes de sauna et les portes plus simples avec poign\u00e9es de tirage. La serrure est dot\u00e9e d&#039;un piston \u00e0 galet dont la saillie peut \u00eatre r\u00e9gl\u00e9e \u00e0 l&#039;aide d&#039;une vis dans le poteau. Pour des raisons de s\u00e9curit\u00e9<\/p>","protected":false},"featured_media":135061,"template":"","meta":{"_acf_changed":false},"product_brand":[],"product_cat":[2969],"product_tag":[4102,4191,4192,4099],"class_list":{"0":"post-109230","1":"product","2":"type-product","3":"status-publish","4":"has-post-thumbnail","6":"product_cat-innerdorrlas","7":"product_tag-hoger","8":"product_tag-lasstolpe-20x150mm","9":"product_tag-slutbleck-ingar","10":"product_tag-vanster","11":"pa_brands-abloy","12":"tm-no-options","14":"first","15":"instock","16":"sale","17":"taxable","18":"shipping-taxable","19":"purchasable","20":"product-type-simple"},"acf":[],"_links":{"self":[{"href":"https:\/\/secureus.se\/fr\/wp-json\/wp\/v2\/product\/109230","targetHints":{"allow":["GET"]}}],"collection":[{"href":"https:\/\/secureus.se\/fr\/wp-json\/wp\/v2\/product"}],"about":[{"href":"https:\/\/secureus.se\/fr\/wp-json\/wp\/v2\/types\/product"}],"wp:featuredmedia":[{"embeddable":true,"href":"https:\/\/secureus.se\/fr\/wp-json\/wp\/v2\/media\/135061"}],"wp:attachment":[{"href":"https:\/\/secureus.se\/fr\/wp-json\/wp\/v2\/media?parent=109230"}],"wp:term":[{"taxonomy":"product_brand","embeddable":true,"href":"https:\/\/secureus.se\/fr\/wp-json\/wp\/v2\/product_brand?post=109230"},{"taxonomy":"product_cat","embeddable":true,"href":"https:\/\/secureus.se\/fr\/wp-json\/wp\/v2\/product_cat?post=109230"},{"taxonomy":"product_tag","embeddable":true,"href":"https:\/\/secureus.se\/fr\/wp-json\/wp\/v2\/product_tag?post=109230"}],"curies":[{"name":"wp","href":"https:\/\/api.w.org\/{rel}","templated":true}]}}