{"id":109237,"date":"2024-11-08T16:24:59","date_gmt":"2024-11-08T15:24:59","guid":{"rendered":"https:\/\/secureus.se\/lashus-polaris-2xt-50-wc-6mm-polerad-massing\/"},"modified":"2026-03-25T15:33:39","modified_gmt":"2026-03-25T14:33:39","slug":"lashus-polaris-2xt-50-wc-6mm-polerad-massing","status":"publish","type":"product","link":"https:\/\/secureus.se\/fr\/lashus-polaris-2xt-50-wc-6mm-polerad-massing\/","title":{"rendered":"Bo\u00eetier de serrure Polaris 2XT-50 WC 6mm Laiton Poli"},"content":{"rendered":"<p>Serrure \u00e0 r\u00e8gle magn\u00e9tique particuli\u00e8rement adapt\u00e9e aux portes int\u00e9rieures de toilettes modernes gr\u00e2ce \u00e0 son design fin. Le Polaris 2XT se caract\u00e9rise par une fermeture extraordinairement silencieuse et la pr\u00e9cision de la connexion m\u00e9canique entre le corps de la serrure et la plaque d&#039;extr\u00e9mit\u00e9, qui donne une sensation agr\u00e9able dans le mouvement de la poign\u00e9e et de la cl\u00e9.<\/p>\n<p><b>Propri\u00e9t\u00e9s:<\/b><\/p>\n<ul>\n<li>Serrure \u00e0 r\u00e8gle magn\u00e9tique<\/li>\n<li>50 mandrin<\/li>\n<li>Avec trou carr\u00e9 de 6 mm pour accessoires de toilettes<\/li>\n<li>Fermeture silencieuse<\/li>\n<li>Dimensions du poteau de serrure : 18\u00d7196 mm<\/li>\n<li>Pour rameurs \u00e0 pression 8 mm<\/li>\n<li>Distance du rameur au centre du rameur des toilettes 96 mm<\/li>\n<li>Le poteau de verrouillage est disponible en plusieurs traitements de surface<\/li>\n<\/ul>","protected":false},"excerpt":{"rendered":"<p>Serrure \u00e0 r\u00e8gle magn\u00e9tique particuli\u00e8rement adapt\u00e9e aux portes int\u00e9rieures de toilettes modernes gr\u00e2ce \u00e0 son design fin. Le Polaris 2XT se caract\u00e9rise par l&#039;extraordinaire fermeture silencieuse et la pr\u00e9cision de la connexion m\u00e9canique entre le corps de la serrure et la plaque d&#039;extr\u00e9mit\u00e9.<\/p>","protected":false},"featured_media":134740,"template":"","meta":{"_acf_changed":false},"product_brand":[],"product_cat":[2969],"product_tag":[4187,4102,4188,4189,4099],"class_list":{"0":"post-109237","1":"product","2":"type-product","3":"status-publish","4":"has-post-thumbnail","6":"product_cat-innerdorrlas","7":"product_tag-dorndjup-50mm","8":"product_tag-hoger","9":"product_tag-lasstolpe-18x196-mm","10":"product_tag-slutbleck-ingar-inte","11":"product_tag-vanster","12":"pa_brands-agb","13":"tm-no-options","15":"first","16":"instock","17":"sale","18":"taxable","19":"shipping-taxable","20":"purchasable","21":"product-type-simple"},"acf":[],"_links":{"self":[{"href":"https:\/\/secureus.se\/fr\/wp-json\/wp\/v2\/product\/109237","targetHints":{"allow":["GET"]}}],"collection":[{"href":"https:\/\/secureus.se\/fr\/wp-json\/wp\/v2\/product"}],"about":[{"href":"https:\/\/secureus.se\/fr\/wp-json\/wp\/v2\/types\/product"}],"wp:featuredmedia":[{"embeddable":true,"href":"https:\/\/secureus.se\/fr\/wp-json\/wp\/v2\/media\/134740"}],"wp:attachment":[{"href":"https:\/\/secureus.se\/fr\/wp-json\/wp\/v2\/media?parent=109237"}],"wp:term":[{"taxonomy":"product_brand","embeddable":true,"href":"https:\/\/secureus.se\/fr\/wp-json\/wp\/v2\/product_brand?post=109237"},{"taxonomy":"product_cat","embeddable":true,"href":"https:\/\/secureus.se\/fr\/wp-json\/wp\/v2\/product_cat?post=109237"},{"taxonomy":"product_tag","embeddable":true,"href":"https:\/\/secureus.se\/fr\/wp-json\/wp\/v2\/product_tag?post=109237"}],"curies":[{"name":"wp","href":"https:\/\/api.w.org\/{rel}","templated":true}]}}