{"id":109239,"date":"2024-11-08T16:24:59","date_gmt":"2024-11-08T15:24:59","guid":{"rendered":"https:\/\/secureus.se\/lashus-4570-vanster-krom\/"},"modified":"2026-04-23T11:59:34","modified_gmt":"2026-04-23T09:59:34","slug":"lashus-4570-vanster-krom","status":"publish","type":"product","link":"https:\/\/secureus.se\/fr\/lashus-4570-vanster-krom\/","title":{"rendered":"Bo\u00eetier de serrure 4570 gauche chrom\u00e9"},"content":{"rendered":"<p>\nABLOY 4570 est une serrure \u00e0 chute destin\u00e9e aux cylindres. Disponible en versions droite et gauche. La serrure dispose d&#039;un verrouillage automatique contr\u00f4l\u00e9 par un bouton dans le poteau. Livr\u00e9 en standard avec bo\u00eetier de serrure chrom\u00e9, et adapt\u00e9 pour cylindre de serrure ovale type 1201 ou 1301.<\/p>\n<div><\/div>\n<div><b>Propri\u00e9t\u00e9s:<\/b><\/div>\n<div>\n<div>\n<ul>\n<li>Pour porte battante \u00e0 gauche<\/li>\n<li>Profondeur du mandrin : 45 mm<\/li>\n<li>Dimensions du poteau de verrouillage : 22\u00d7150 mm<\/li>\n<li>Le bouton dans le message peut \u00eatre r\u00e9gl\u00e9 sur deux positions<\/li>\n<li>Non r\u00e9versible<\/li>\n<li>Adapt\u00e9 pour cylindre de serrure ovale scandinave.<\/li>\n<li>Complet avec cylindre, bague de cylindre et jeu de boutons.<\/li>\n<\/ul>\n<\/div>\n<div><b>Fonction:<\/b><\/div>\n<\/div>\n<div>\n<ul>\n<li>Position du bouton\u00a0: UP = Interlock, piston sortant de 20\u00a0mm, la serrure ne peut \u00eatre ouverte qu&#039;avec une cl\u00e9 ou un bouton.<\/li>\n<li>Position du bouton : BAS = Piston sortant de 14 mm, la serrure peut \u00e9galement \u00eatre ouverte par pression.<\/li>\n<\/ul>\n<\/div>","protected":false},"excerpt":{"rendered":"<p>ABLOY 4570 est une serrure \u00e0 chute destin\u00e9e aux cylindres. Disponible en versions droite et gauche. La serrure dispose d&#039;un verrouillage automatique contr\u00f4l\u00e9 par un bouton dans le poteau. Livr\u00e9 en standard avec bo\u00eetier de serrure<\/p>","protected":false},"featured_media":135056,"template":"","meta":{"_acf_changed":false},"product_brand":[],"product_cat":[2969],"product_tag":[4190,4099],"class_list":{"0":"post-109239","1":"product","2":"type-product","3":"status-publish","4":"has-post-thumbnail","6":"product_cat-innerdorrlas","7":"product_tag-dorndjup-45mm","8":"product_tag-vanster","9":"pa_brands-abloy","10":"tm-no-options","12":"first","13":"outofstock","14":"sale","15":"taxable","16":"shipping-taxable","17":"purchasable","18":"product-type-simple"},"acf":[],"_links":{"self":[{"href":"https:\/\/secureus.se\/fr\/wp-json\/wp\/v2\/product\/109239","targetHints":{"allow":["GET"]}}],"collection":[{"href":"https:\/\/secureus.se\/fr\/wp-json\/wp\/v2\/product"}],"about":[{"href":"https:\/\/secureus.se\/fr\/wp-json\/wp\/v2\/types\/product"}],"wp:featuredmedia":[{"embeddable":true,"href":"https:\/\/secureus.se\/fr\/wp-json\/wp\/v2\/media\/135056"}],"wp:attachment":[{"href":"https:\/\/secureus.se\/fr\/wp-json\/wp\/v2\/media?parent=109239"}],"wp:term":[{"taxonomy":"product_brand","embeddable":true,"href":"https:\/\/secureus.se\/fr\/wp-json\/wp\/v2\/product_brand?post=109239"},{"taxonomy":"product_cat","embeddable":true,"href":"https:\/\/secureus.se\/fr\/wp-json\/wp\/v2\/product_cat?post=109239"},{"taxonomy":"product_tag","embeddable":true,"href":"https:\/\/secureus.se\/fr\/wp-json\/wp\/v2\/product_tag?post=109239"}],"curies":[{"name":"wp","href":"https:\/\/api.w.org\/{rel}","templated":true}]}}