{"id":109280,"date":"2024-11-08T16:25:01","date_gmt":"2024-11-08T15:25:01","guid":{"rendered":"https:\/\/secureus.se\/lashus-40t-45-z-hoger-med-slutbleck\/"},"modified":"2026-04-23T11:56:29","modified_gmt":"2026-04-23T09:56:29","slug":"lashus-40t-45-z-hoger-med-slutbleck","status":"publish","type":"product","link":"https:\/\/secureus.se\/fr\/lashus-40t-45-z-hoger-med-slutbleck\/","title":{"rendered":"Bo\u00eetier de serrure 40T-45 Z Droite avec plaque d&#039;extr\u00e9mit\u00e9"},"content":{"rendered":"<p>\nASSA ABLOY 40T est une serrure de toilettes pour portes int\u00e9rieures, principalement destin\u00e9e au march\u00e9 du remplacement. Dimensions de d\u00e9coupe selon l&#039;ancienne norme de d\u00e9coupe. Livr\u00e9 avec plaque d&#039;extr\u00e9mit\u00e9 et vis.<\/p>\n<div><b>Propri\u00e9t\u00e9s: <\/b><\/div>\n<div>\n<ul>\n<li>Profondeur du mandrin : 45 mm<\/li>\n<li>Profondeur de serrure : 74 mm<\/li>\n<li>Bo\u00eetier de serrure en acier galvanis\u00e9<\/li>\n<li>Disponible en versions droite et gauche<\/li>\n<\/ul>\n<\/div>\n<div><\/div>","protected":false},"excerpt":{"rendered":"<p>ASSA ABLOY 40T est une serrure de toilettes pour portes int\u00e9rieures, principalement destin\u00e9e au march\u00e9 du remplacement. Dimensions de d\u00e9coupe selon l&#039;ancienne norme de d\u00e9coupe. Livr\u00e9 avec plaque d&#039;extr\u00e9mit\u00e9 et vis. Caract\u00e9ristiques : Profondeur du mandrin : 45 mm Profondeur de la serrure : 74 mm Bo\u00eetier de serrure zingu\u00e9<\/p>","protected":false},"featured_media":134717,"template":"","meta":{"_acf_changed":false},"product_brand":[],"product_cat":[2969],"product_tag":[4190,4102,4195,4192],"class_list":{"0":"post-109280","1":"product","2":"type-product","3":"status-publish","4":"has-post-thumbnail","6":"product_cat-innerdorrlas","7":"product_tag-dorndjup-45mm","8":"product_tag-hoger","9":"product_tag-lasstolpe-22x205mm","10":"product_tag-slutbleck-ingar","11":"pa_brands-abloy","12":"tm-no-options","14":"first","15":"instock","16":"sale","17":"taxable","18":"shipping-taxable","19":"purchasable","20":"product-type-simple"},"acf":[],"_links":{"self":[{"href":"https:\/\/secureus.se\/fr\/wp-json\/wp\/v2\/product\/109280","targetHints":{"allow":["GET"]}}],"collection":[{"href":"https:\/\/secureus.se\/fr\/wp-json\/wp\/v2\/product"}],"about":[{"href":"https:\/\/secureus.se\/fr\/wp-json\/wp\/v2\/types\/product"}],"wp:featuredmedia":[{"embeddable":true,"href":"https:\/\/secureus.se\/fr\/wp-json\/wp\/v2\/media\/134717"}],"wp:attachment":[{"href":"https:\/\/secureus.se\/fr\/wp-json\/wp\/v2\/media?parent=109280"}],"wp:term":[{"taxonomy":"product_brand","embeddable":true,"href":"https:\/\/secureus.se\/fr\/wp-json\/wp\/v2\/product_brand?post=109280"},{"taxonomy":"product_cat","embeddable":true,"href":"https:\/\/secureus.se\/fr\/wp-json\/wp\/v2\/product_cat?post=109280"},{"taxonomy":"product_tag","embeddable":true,"href":"https:\/\/secureus.se\/fr\/wp-json\/wp\/v2\/product_tag?post=109280"}],"curies":[{"name":"wp","href":"https:\/\/api.w.org\/{rel}","templated":true}]}}