{"id":109289,"date":"2024-11-08T16:25:01","date_gmt":"2024-11-08T15:25:01","guid":{"rendered":"https:\/\/secureus.se\/lashus-9456-vanster-krom\/"},"modified":"2026-04-08T15:29:34","modified_gmt":"2026-04-08T13:29:34","slug":"lashus-9456-vanster-krom","status":"publish","type":"product","link":"https:\/\/secureus.se\/fr\/lashus-9456-vanster-krom\/","title":{"rendered":"Bo\u00eetier de serrure 9456 gauche chrom\u00e9"},"content":{"rendered":"<p>\nABLOY 9456 est une serrure \u00e0 chute pour portes int\u00e9rieures combin\u00e9e \u00e0 un cylindre standard de type ASSA ABLOY 1201 ou 1301.<\/p>\n<div><b>Propri\u00e9t\u00e9s:<\/b><\/p>\n<ul>\n<li>Pour porte battante \u00e0 gauche<\/li>\n<li>Profondeur du mandrin : 45 mm<\/li>\n<li>Dimensions du poteau de verrouillage : 20\u00d7150 mm<\/li>\n<li>Non r\u00e9versible<\/li>\n<li>Adapt\u00e9 pour cylindre scandinave.<\/li>\n<li>Fonctionne avec une cl\u00e9 de l&#039;ext\u00e9rieur et une cl\u00e9 ou un bouton de l&#039;int\u00e9rieur.<\/li>\n<\/ul>\n<\/div>\n<div><b>Fonction:<\/b><\/p>\n<ul>\n<li>En tournant la cl\u00e9 ou le bouton, le piston tombant est pouss\u00e9 vers l&#039;ext\u00e9rieur et verrouill\u00e9 \u00e0 20 mm.<\/li>\n<li>La serrure s&#039;ouvre en tournant la cl\u00e9 ou le bouton dans le sens oppos\u00e9.<\/li>\n<li>Le piston de descente est alors verrouill\u00e9 en position 14 mm pour une utilisation diurne et la fonction pression est activ\u00e9e.\u00a0<\/li>\n<\/ul>\n<\/div>","protected":false},"excerpt":{"rendered":"<p>ABLOY 9456 est une serrure \u00e0 battant pour portes int\u00e9rieures qui s&#039;associe \u00e0 un cylindre standard de type ASSA ABLOY 1201 ou 1301. Caract\u00e9ristiques : Pour portes battantes \u00e0 gauche Profondeur du mandrin : 45 mm Dimensions du poteau de serrure : 20\u00d7150 mm Non r\u00e9versible<\/p>","protected":false},"featured_media":134857,"template":"","meta":{"_acf_changed":false},"product_brand":[],"product_cat":[2969],"product_tag":[4190,4191,4099],"class_list":{"0":"post-109289","1":"product","2":"type-product","3":"status-publish","4":"has-post-thumbnail","6":"product_cat-innerdorrlas","7":"product_tag-dorndjup-45mm","8":"product_tag-lasstolpe-20x150mm","9":"product_tag-vanster","10":"pa_brands-abloy","11":"tm-no-options","13":"first","14":"instock","15":"sale","16":"taxable","17":"shipping-taxable","18":"purchasable","19":"product-type-simple"},"acf":[],"_links":{"self":[{"href":"https:\/\/secureus.se\/fr\/wp-json\/wp\/v2\/product\/109289","targetHints":{"allow":["GET"]}}],"collection":[{"href":"https:\/\/secureus.se\/fr\/wp-json\/wp\/v2\/product"}],"about":[{"href":"https:\/\/secureus.se\/fr\/wp-json\/wp\/v2\/types\/product"}],"wp:featuredmedia":[{"embeddable":true,"href":"https:\/\/secureus.se\/fr\/wp-json\/wp\/v2\/media\/134857"}],"wp:attachment":[{"href":"https:\/\/secureus.se\/fr\/wp-json\/wp\/v2\/media?parent=109289"}],"wp:term":[{"taxonomy":"product_brand","embeddable":true,"href":"https:\/\/secureus.se\/fr\/wp-json\/wp\/v2\/product_brand?post=109289"},{"taxonomy":"product_cat","embeddable":true,"href":"https:\/\/secureus.se\/fr\/wp-json\/wp\/v2\/product_cat?post=109289"},{"taxonomy":"product_tag","embeddable":true,"href":"https:\/\/secureus.se\/fr\/wp-json\/wp\/v2\/product_tag?post=109289"}],"curies":[{"name":"wp","href":"https:\/\/api.w.org\/{rel}","templated":true}]}}