{"id":114186,"date":"2024-11-13T11:13:07","date_gmt":"2024-11-13T10:13:07","guid":{"rendered":"https:\/\/secureus.se\/industrilas-cl105c-system-2-nycklar\/"},"modified":"2026-04-08T15:29:02","modified_gmt":"2026-04-08T13:29:02","slug":"industrilas-cl105c-system-2-nycklar","status":"publish","type":"product","link":"https:\/\/secureus.se\/fr\/industrilas-cl105c-system-2-nycklar\/","title":{"rendered":"Serrure industrielle CL105C Syst\u00e8me 2 Cl\u00e9s"},"content":{"rendered":"<p>\nABLOY CL105C est une serrure industrielle pour portes d&#039;armoires, tiroirs, armoires \u00e9lectrom\u00e9nagers, distributeurs automatiques ou similaires. Pour \u00e9paisseur de porte max. 9,5 mm. Corps de cylindre en acier chrom\u00e9, tremp\u00e9 en surface. La premi\u00e8re plaque de verrouillage est en acier nickel\u00e9 et tremp\u00e9 en surface. Rondelle d&#039;arr\u00eat, rondelle frein d&#039;\u00e9crou d&#039;extr\u00e9mit\u00e9 et \u00e9crou pour carter de cylindre en acier galvanis\u00e9. La r\u00e8gle est command\u00e9e s\u00e9par\u00e9ment. Cylindre complet fourni avec deux cl\u00e9s.<\/p>\n<div><b>Propri\u00e9t\u00e9s:<\/b><\/p>\n<ul>\n<li>Nombre de disques de verrouillage : 9 pcs.<\/li>\n<li>Angle de rotation de la r\u00e8gle : 90, 180\u00b0. La cl\u00e9 ne peut \u00eatre retir\u00e9e qu&#039;en position verrouill\u00e9e.<\/li>\n<li>Longueur totale : 33 mm<\/li>\n<li>\u00c9paisseur maximale de la porte : 9,5 mm<\/li>\n<li>Taille de la r\u00e8gle : 18,5 mm<\/li>\n<\/ul>\n<\/div>","protected":false},"excerpt":{"rendered":"<p>ABLOY CL105C est une serrure industrielle pour portes d&#039;armoires, tiroirs, armoires \u00e9lectrom\u00e9nagers, distributeurs automatiques ou similaires. Pour \u00e9paisseur de porte max. 9,5 mm. Corps de cylindre en acier chrom\u00e9, tremp\u00e9 en surface. Le premier disque de verrouillage est nickel\u00e9, surface durcie<\/p>","protected":false},"featured_media":134823,"template":"","meta":{"_acf_changed":false},"product_brand":[],"product_cat":[4186],"product_tag":[],"class_list":{"0":"post-114186","1":"product","2":"type-product","3":"status-publish","4":"has-post-thumbnail","6":"product_cat-skaplas-industrilas","7":"pa_brands-abloy","8":"tm-no-options","10":"first","11":"onbackorder","12":"sale","13":"taxable","14":"shipping-taxable","15":"purchasable","16":"product-type-simple"},"acf":[],"_links":{"self":[{"href":"https:\/\/secureus.se\/fr\/wp-json\/wp\/v2\/product\/114186","targetHints":{"allow":["GET"]}}],"collection":[{"href":"https:\/\/secureus.se\/fr\/wp-json\/wp\/v2\/product"}],"about":[{"href":"https:\/\/secureus.se\/fr\/wp-json\/wp\/v2\/types\/product"}],"wp:featuredmedia":[{"embeddable":true,"href":"https:\/\/secureus.se\/fr\/wp-json\/wp\/v2\/media\/134823"}],"wp:attachment":[{"href":"https:\/\/secureus.se\/fr\/wp-json\/wp\/v2\/media?parent=114186"}],"wp:term":[{"taxonomy":"product_brand","embeddable":true,"href":"https:\/\/secureus.se\/fr\/wp-json\/wp\/v2\/product_brand?post=114186"},{"taxonomy":"product_cat","embeddable":true,"href":"https:\/\/secureus.se\/fr\/wp-json\/wp\/v2\/product_cat?post=114186"},{"taxonomy":"product_tag","embeddable":true,"href":"https:\/\/secureus.se\/fr\/wp-json\/wp\/v2\/product_tag?post=114186"}],"curies":[{"name":"wp","href":"https:\/\/api.w.org\/{rel}","templated":true}]}}