{"id":114236,"date":"2024-11-13T13:25:52","date_gmt":"2024-11-13T12:25:52","guid":{"rendered":"https:\/\/secureus.se\/?post_type=product&#038;p=114236"},"modified":"2026-04-08T16:30:07","modified_gmt":"2026-04-08T14:30:07","slug":"dekal-dold-branddet-78x17-mm","status":"publish","type":"product","link":"https:\/\/secureus.se\/fr\/dekal-dold-branddet-78x17-mm\/","title":{"rendered":"D\u00c9CALQUE DE FEU CACH\u00c9. 78X17 MM"},"content":{"rendered":"","protected":false},"excerpt":{"rendered":"<p>L&#039;autocollant \u00ab\u00a0D\u00c9TECTEUR D&#039;INCENDIE CACH\u00c9\u00a0\u00bb ne mesure que 78 \u00d7 17 mm et est utilis\u00e9 pour marquer l&#039;emplacement de montage d&#039;un d\u00e9tecteur de fum\u00e9e cach\u00e9 dans le plafond suspendu. Livr\u00e9 sur une feuille A4 de 39 stickers.<\/p>","protected":false},"featured_media":134782,"template":"","meta":{"_acf_changed":false},"product_brand":[],"product_cat":[1559],"product_tag":[],"class_list":{"0":"post-114236","1":"product","2":"type-product","3":"status-publish","4":"has-post-thumbnail","6":"product_cat-anvisningsskyltar-brandskydd","7":"product_shipping_class-postnord-varubrev","8":"pa_brands-ateco","9":"tm-no-options","11":"first","12":"instock","13":"sale","14":"taxable","15":"shipping-taxable","16":"purchasable","17":"product-type-simple"},"acf":[],"_links":{"self":[{"href":"https:\/\/secureus.se\/fr\/wp-json\/wp\/v2\/product\/114236","targetHints":{"allow":["GET"]}}],"collection":[{"href":"https:\/\/secureus.se\/fr\/wp-json\/wp\/v2\/product"}],"about":[{"href":"https:\/\/secureus.se\/fr\/wp-json\/wp\/v2\/types\/product"}],"wp:featuredmedia":[{"embeddable":true,"href":"https:\/\/secureus.se\/fr\/wp-json\/wp\/v2\/media\/134782"}],"wp:attachment":[{"href":"https:\/\/secureus.se\/fr\/wp-json\/wp\/v2\/media?parent=114236"}],"wp:term":[{"taxonomy":"product_brand","embeddable":true,"href":"https:\/\/secureus.se\/fr\/wp-json\/wp\/v2\/product_brand?post=114236"},{"taxonomy":"product_cat","embeddable":true,"href":"https:\/\/secureus.se\/fr\/wp-json\/wp\/v2\/product_cat?post=114236"},{"taxonomy":"product_tag","embeddable":true,"href":"https:\/\/secureus.se\/fr\/wp-json\/wp\/v2\/product_tag?post=114236"}],"curies":[{"name":"wp","href":"https:\/\/api.w.org\/{rel}","templated":true}]}}