{"id":114541,"date":"2024-11-14T09:39:35","date_gmt":"2024-11-14T08:39:35","guid":{"rendered":"https:\/\/secureus.se\/?post_type=product&#038;p=114541"},"modified":"2026-04-23T13:30:39","modified_gmt":"2026-04-23T11:30:39","slug":"risco-vaggfaste-med-solcellsmodul-for-beyond-dt-detektorer","status":"publish","type":"product","link":"https:\/\/secureus.se\/fr\/risco-vaggfaste-med-solcellsmodul-for-beyond-dt-detektorer\/","title":{"rendered":"RISCO Support mural avec module solaire \u2013 Pour d\u00e9tecteurs Beyond DT"},"content":{"rendered":"<h1>RISCO Support mural avec module solaire \u2013 Pour d\u00e9tecteurs Beyond DT<\/h1>\n<p data-start=\"374\" data-end=\"942\">Le support mural RISCO avec module solaire offre une solution \u00e9cologique et \u00e9conomique pour am\u00e9liorer la dur\u00e9e de vie de la batterie des d\u00e9tecteurs sans fil Beyond DT et Beyond DT Cam.<\/p>\n<p data-start=\"374\" data-end=\"942\">Le module solaire est \u00e9quip\u00e9 d&#039;un support rotatif \u00e0 180\u00ba, ce qui facilite le r\u00e9glage du panneau pour une capture optimale de l&#039;\u00e9nergie solaire.<\/p>\n<p data-start=\"374\" data-end=\"942\">La batterie int\u00e9gr\u00e9e rechargeable est charg\u00e9e par le panneau solaire et est utilis\u00e9e pour compl\u00e9ter les batteries ordinaires du d\u00e9tecteur, prolongeant ainsi la dur\u00e9e de vie des batteries et r\u00e9duisant le besoin de changer fr\u00e9quemment les batteries.<\/p>\n<p data-start=\"944\" data-end=\"1196\">Ce support mural est facile \u00e0 installer et constitue un compl\u00e9ment parfait aux solutions de s\u00e9curit\u00e9 sans fil telles que Beyond DT et Beyond DT Cam.<\/p>\n<p data-start=\"944\" data-end=\"1196\">Le module aliment\u00e9 par l\u2019\u00e9nergie solaire en fait une solution plus durable, tout en r\u00e9duisant les co\u00fbts.<\/p>\n<p data-start=\"1198\" data-end=\"1227\"><strong data-start=\"1198\" data-end=\"1227\">Sp\u00e9cifications techniques\u00a0:<\/strong><\/p>\n<ul data-start=\"1228\" data-end=\"1625\">\n<li data-start=\"1228\" data-end=\"1265\">\n<p data-start=\"1230\" data-end=\"1265\">Mod\u00e8le : Support mural avec module solaire<\/p>\n<\/li>\n<li data-start=\"1266\" data-end=\"1331\">\n<p data-start=\"1268\" data-end=\"1331\">Compatibilit\u00e9 : d\u00e9tecteurs sans fil Beyond DT et Beyond DT Cam<\/p>\n<\/li>\n<li data-start=\"1332\" data-end=\"1418\">\n<p data-start=\"1334\" data-end=\"1418\">Caract\u00e9ristiques : rotation \u00e0 180\u00b0, module solaire int\u00e9gr\u00e9 avec batterie rechargeable<\/p>\n<\/li>\n<li data-start=\"1419\" data-end=\"1483\">\n<p data-start=\"1421\" data-end=\"1483\">Alimentation : 1 pile CR123A (compl\u00e9t\u00e9e par une cellule solaire)<\/p>\n<\/li>\n<li data-start=\"1484\" data-end=\"1508\">\n<p data-start=\"1486\" data-end=\"1508\">Dimensions : 124 x 35 x 42 mm<\/p>\n<\/li>\n<li data-start=\"1509\" data-end=\"1523\">\n<p data-start=\"1511\" data-end=\"1523\">Couleur: Argent<\/p>\n<\/li>\n<li data-start=\"1524\" data-end=\"1551\">\n<p data-start=\"1526\" data-end=\"1551\">Utilisation : Montage mural<\/p>\n<\/li>\n<li data-start=\"1552\" data-end=\"1576\">\n<p data-start=\"1554\" data-end=\"1576\">Certification : marquage CE<\/p>\n<\/li>\n<li data-start=\"1577\" data-end=\"1600\">\n<p data-start=\"1579\" data-end=\"1600\">Rotation : pivotant \u00e0 180\u00ba<\/p>\n<\/li>\n<li data-start=\"1601\" data-end=\"1625\">\n<p data-start=\"1603\" data-end=\"1625\">Poids : L\u00e9ger et compact<\/p>\n<\/li>\n<\/ul>","protected":false},"excerpt":{"rendered":"<p>Le support mural RISCO avec module solaire est con\u00e7u pour \u00eatre utilis\u00e9 avec les d\u00e9tecteurs sans fil Beyond DT et Beyond DT Cam.<\/p>\n<p>Il dispose d&#039;un panneau solaire rotatif (180\u00ba) et d&#039;une solution de batterie rechargeable int\u00e9gr\u00e9e pour une dur\u00e9e de vie de la batterie plus longue.<\/p>","protected":false},"featured_media":158864,"template":"","meta":{"_acf_changed":false},"product_brand":[],"product_cat":[3191],"product_tag":[],"class_list":{"0":"post-114541","1":"product","2":"type-product","3":"status-publish","4":"has-post-thumbnail","6":"product_cat-utomhusdetektorer","7":"pa_brands-4risco","8":"tm-no-options","10":"first","11":"instock","12":"sale","13":"taxable","14":"shipping-taxable","15":"purchasable","16":"product-type-simple"},"acf":[],"_links":{"self":[{"href":"https:\/\/secureus.se\/fr\/wp-json\/wp\/v2\/product\/114541","targetHints":{"allow":["GET"]}}],"collection":[{"href":"https:\/\/secureus.se\/fr\/wp-json\/wp\/v2\/product"}],"about":[{"href":"https:\/\/secureus.se\/fr\/wp-json\/wp\/v2\/types\/product"}],"wp:featuredmedia":[{"embeddable":true,"href":"https:\/\/secureus.se\/fr\/wp-json\/wp\/v2\/media\/158864"}],"wp:attachment":[{"href":"https:\/\/secureus.se\/fr\/wp-json\/wp\/v2\/media?parent=114541"}],"wp:term":[{"taxonomy":"product_brand","embeddable":true,"href":"https:\/\/secureus.se\/fr\/wp-json\/wp\/v2\/product_brand?post=114541"},{"taxonomy":"product_cat","embeddable":true,"href":"https:\/\/secureus.se\/fr\/wp-json\/wp\/v2\/product_cat?post=114541"},{"taxonomy":"product_tag","embeddable":true,"href":"https:\/\/secureus.se\/fr\/wp-json\/wp\/v2\/product_tag?post=114541"}],"curies":[{"name":"wp","href":"https:\/\/api.w.org\/{rel}","templated":true}]}}