{"id":114636,"date":"2024-11-05T18:52:51","date_gmt":"2024-11-05T17:52:51","guid":{"rendered":"https:\/\/secureus.se\/?post_type=product&#038;p=114636"},"modified":"2026-01-12T12:02:47","modified_gmt":"2026-01-12T11:02:47","slug":"badgemaker-etiketter-till-bordsskylt-52x100","status":"publish","type":"product","link":"https:\/\/secureus.se\/fr\/badgemaker-etiketter-till-bordsskylt-52x100\/","title":{"rendered":"\u00c9tiquettes BADGEMAKER\u00ae pour enseigne de table 52\u00d7100"},"content":{"rendered":"<p>Concevez des panneaux de table professionnels mais personnels dans le programme gratuit DURAPRINT\u00ae disponible sur www.duraprint.se. Imprimez dans une imprimante laser ou jet d&#039;encre sur des feuilles d&#039;\u00e9tiquettes BADGEMAKER\u00ae de papier de 150 grammes. L&#039;\u00e9tiquette nominative elle-m\u00eame est facile \u00e0 d\u00e9chirer. Le paquet de 20 feuilles A4 contient 40 \u00e9tiquettes intercalaires de dimensions 52x100 mm (HxL).<\/p>","protected":false},"excerpt":{"rendered":"<p>Feuilles d&#039;\u00e9tiquettes \u00e0 imprimer sur imprimantes pour panneaux de table au format 52x100mm. 20 feuilles = 40 \u00e9tiquettes.<\/p>","protected":false},"featured_media":135268,"template":"","meta":{"_acf_changed":false},"product_brand":[],"product_cat":[4276,4271],"product_tag":[4396],"class_list":{"0":"post-114636","1":"product","2":"type-product","3":"status-publish","4":"has-post-thumbnail","6":"product_cat-etiketter-till-namnskyltar","7":"product_cat-namnskyltar","8":"product_tag-vit","9":"product_shipping_class-tunga-paket","10":"pa_brands-durable","11":"tm-no-options","13":"first","14":"instock","15":"sale","16":"taxable","17":"shipping-taxable","18":"purchasable","19":"product-type-simple"},"acf":[],"_links":{"self":[{"href":"https:\/\/secureus.se\/fr\/wp-json\/wp\/v2\/product\/114636","targetHints":{"allow":["GET"]}}],"collection":[{"href":"https:\/\/secureus.se\/fr\/wp-json\/wp\/v2\/product"}],"about":[{"href":"https:\/\/secureus.se\/fr\/wp-json\/wp\/v2\/types\/product"}],"wp:featuredmedia":[{"embeddable":true,"href":"https:\/\/secureus.se\/fr\/wp-json\/wp\/v2\/media\/135268"}],"wp:attachment":[{"href":"https:\/\/secureus.se\/fr\/wp-json\/wp\/v2\/media?parent=114636"}],"wp:term":[{"taxonomy":"product_brand","embeddable":true,"href":"https:\/\/secureus.se\/fr\/wp-json\/wp\/v2\/product_brand?post=114636"},{"taxonomy":"product_cat","embeddable":true,"href":"https:\/\/secureus.se\/fr\/wp-json\/wp\/v2\/product_cat?post=114636"},{"taxonomy":"product_tag","embeddable":true,"href":"https:\/\/secureus.se\/fr\/wp-json\/wp\/v2\/product_tag?post=114636"}],"curies":[{"name":"wp","href":"https:\/\/api.w.org\/{rel}","templated":true}]}}