{"id":114719,"date":"2024-11-20T14:40:40","date_gmt":"2024-11-20T13:40:40","guid":{"rendered":"https:\/\/secureus.se\/?post_type=product&#038;p=114719"},"modified":"2026-01-12T12:27:15","modified_gmt":"2026-01-12T11:27:15","slug":"magnetram-duraframe-magnetic-a4-5","status":"publish","type":"product","link":"https:\/\/secureus.se\/fr\/magnetram-duraframe-magnetic-a4-5\/","title":{"rendered":"Cadre magn\u00e9tique DURAFRAME\u00ae MAGNETIC A4"},"content":{"rendered":"<p>Utilisez les cadres d&#039;information magn\u00e9tiquement adh\u00e9sifs DURAFRAME\u00ae MAGNETIC pour afficher les instructions d&#039;utilisation, les informations sur les machines, les informations sur les employ\u00e9s et d&#039;autres informations temporaires ou plus permanentes de mani\u00e8re professionnelle, rapide et simple.<br \/>\nPlacez la feuille de protection avec un aimant sur tout le bord du cadre sur le document et placez-la par exemple sur des tableaux blancs, des armoires \u00e0 langer, des murs m\u00e9talliques ou des r\u00e9frig\u00e9rateurs. Clair! Manipulation propre et plus facile que par exemple le ruban adh\u00e9sif. DURAFRAME\u00ae MAGNETIC est disponible pour les documents du A6 au A3 et dans diff\u00e9rents formats d&#039;emballage. Disponible en plusieurs couleurs pour que la signal\u00e9tique corresponde au message, \u00e0 la couleur du logo, \u00e0 la saison ou soit suffisamment visible ou peut-\u00eatre au contraire - soit discr\u00e8te.<br \/>\nPour les documents au format A4. Dimensions ext\u00e9rieures 236\u00d7323 mm.<br \/>\nEmballage avec 5 pi\u00e8ces<\/p>","protected":false},"excerpt":{"rendered":"<p>Cadre magn\u00e9tique pour afficher les informations de mani\u00e8re ordonn\u00e9e. Pour les documents \u00e0 monter sur des surfaces m\u00e9talliques.<\/p>","protected":false},"featured_media":133147,"template":"","meta":{"_acf_changed":false},"product_brand":[],"product_cat":[4295],"product_tag":[4374],"class_list":{"0":"post-114719","1":"product","2":"type-product","3":"status-publish","4":"has-post-thumbnail","6":"product_cat-inforamar-for-metallytor","7":"product_tag-morkbla","8":"product_shipping_class-tunga-paket","9":"pa_brands-durable","10":"pa_farg-morkbla","11":"tm-no-options","13":"first","14":"instock","15":"sale","16":"taxable","17":"shipping-taxable","18":"purchasable","19":"product-type-simple"},"acf":[],"_links":{"self":[{"href":"https:\/\/secureus.se\/fr\/wp-json\/wp\/v2\/product\/114719","targetHints":{"allow":["GET"]}}],"collection":[{"href":"https:\/\/secureus.se\/fr\/wp-json\/wp\/v2\/product"}],"about":[{"href":"https:\/\/secureus.se\/fr\/wp-json\/wp\/v2\/types\/product"}],"wp:featuredmedia":[{"embeddable":true,"href":"https:\/\/secureus.se\/fr\/wp-json\/wp\/v2\/media\/133147"}],"wp:attachment":[{"href":"https:\/\/secureus.se\/fr\/wp-json\/wp\/v2\/media?parent=114719"}],"wp:term":[{"taxonomy":"product_brand","embeddable":true,"href":"https:\/\/secureus.se\/fr\/wp-json\/wp\/v2\/product_brand?post=114719"},{"taxonomy":"product_cat","embeddable":true,"href":"https:\/\/secureus.se\/fr\/wp-json\/wp\/v2\/product_cat?post=114719"},{"taxonomy":"product_tag","embeddable":true,"href":"https:\/\/secureus.se\/fr\/wp-json\/wp\/v2\/product_tag?post=114719"}],"curies":[{"name":"wp","href":"https:\/\/api.w.org\/{rel}","templated":true}]}}