{"id":114747,"date":"2024-11-05T18:43:54","date_gmt":"2024-11-05T17:43:54","guid":{"rendered":"https:\/\/secureus.se\/?post_type=product&#038;p=114747"},"modified":"2026-01-12T12:52:56","modified_gmt":"2026-01-12T11:52:56","slug":"duracard-set","status":"publish","type":"product","link":"https:\/\/secureus.se\/fr\/duracard-set\/","title":{"rendered":"ENSEMBLE DE CARTES DURACARD"},"content":{"rendered":"<p>Set comprenant le ruban couleur YMCKO pour imprimante de cartes plastiques DURACARD ID 300, pour imprimer en qualit\u00e9 photo, ainsi que 100 cartes plastiques standards (0,76 mm). La fine couche protectrice transparente conf\u00e8re \u00e0 l\u2019impression une protection suppl\u00e9mentaire. Le ruban de couleur est facile \u00e0 changer et poss\u00e8de un codage RFID pour une reconnaissance rapide que le ruban correspond \u00e0 l&#039;imprimante.<\/p>","protected":false},"excerpt":{"rendered":"<p>Set pour l&#039;imprimante de cartes plastiques DURACARD ID 300 avec ruban couleur YMCKO pour impression en qualit\u00e9 photo et 100 cartes plastiques standards (0,76 mm)<\/p>","protected":false},"featured_media":135026,"template":"","meta":{"_acf_changed":false},"product_brand":[],"product_cat":[4345,4347],"product_tag":[],"class_list":{"0":"post-114747","1":"product","2":"type-product","3":"status-publish","4":"has-post-thumbnail","6":"product_cat-duracard-fargband-retransfer","7":"product_cat-kortskrivare-tillbehor-duracard","8":"product_shipping_class-tunga-paket","9":"pa_brands-durable","10":"tm-no-options","12":"first","13":"instock","14":"sale","15":"taxable","16":"shipping-taxable","17":"purchasable","18":"product-type-simple"},"acf":[],"_links":{"self":[{"href":"https:\/\/secureus.se\/fr\/wp-json\/wp\/v2\/product\/114747","targetHints":{"allow":["GET"]}}],"collection":[{"href":"https:\/\/secureus.se\/fr\/wp-json\/wp\/v2\/product"}],"about":[{"href":"https:\/\/secureus.se\/fr\/wp-json\/wp\/v2\/types\/product"}],"wp:featuredmedia":[{"embeddable":true,"href":"https:\/\/secureus.se\/fr\/wp-json\/wp\/v2\/media\/135026"}],"wp:attachment":[{"href":"https:\/\/secureus.se\/fr\/wp-json\/wp\/v2\/media?parent=114747"}],"wp:term":[{"taxonomy":"product_brand","embeddable":true,"href":"https:\/\/secureus.se\/fr\/wp-json\/wp\/v2\/product_brand?post=114747"},{"taxonomy":"product_cat","embeddable":true,"href":"https:\/\/secureus.se\/fr\/wp-json\/wp\/v2\/product_cat?post=114747"},{"taxonomy":"product_tag","embeddable":true,"href":"https:\/\/secureus.se\/fr\/wp-json\/wp\/v2\/product_tag?post=114747"}],"curies":[{"name":"wp","href":"https:\/\/api.w.org\/{rel}","templated":true}]}}