{"id":114760,"date":"2024-11-20T14:41:48","date_gmt":"2024-11-20T13:41:48","guid":{"rendered":"https:\/\/secureus.se\/?post_type=product&#038;p=114760"},"modified":"2026-01-12T12:29:03","modified_gmt":"2026-01-12T11:29:03","slug":"magnetram-duraframe-magnetic-top-for-a3","status":"publish","type":"product","link":"https:\/\/secureus.se\/fr\/magnetram-duraframe-magnetic-top-for-a3\/","title":{"rendered":"Cadre magn\u00e9tique DURAFRAME\u00ae MAGNETIC TOP pour A3"},"content":{"rendered":"<p>Structurez les informations sur des substrats m\u00e9talliques tels que des tableaux blancs avec des titres clairs et \u00e9l\u00e9gants \u00e0 l&#039;aide de cadres d&#039;information magn\u00e9tiquement adh\u00e9sifs DURAFRAME\u00ae MAGNETIC TOP. Les cadres de cap sont faciles \u00e0 utiliser : il suffit de les attacher, de les d\u00e9placer ou de les retirer de la base selon vos besoins. Peut \u00e9galement \u00eatre utilis\u00e9 comme porte-nom magn\u00e9tique, par exemple pour les noms sur les armoires \u00e0 langer. Cr\u00e9ez des titres professionnels \u00e0 l&#039;aide des mod\u00e8les du programme gratuit DURAPRINT\u00ae, disponible sur www.duraprint.se.<br \/>\nDimensions de l&#039;\u00e9tiquette : 297\u00d740 mm pour orientation au format A3 portrait ou A4 paysage<br \/>\nDimensions ext\u00e9rieures : 323\u00d766 mm.<br \/>\nEmballage de 5 pi\u00e8ces.<\/p>","protected":false},"excerpt":{"rendered":"<p>Cadre magn\u00e9tique pour des titres \u00e9l\u00e9gants pour les documents au format A3 portrait ou A4 paysage.<\/p>","protected":false},"featured_media":133399,"template":"","meta":{"_acf_changed":false},"product_brand":[],"product_cat":[4295],"product_tag":[4381],"class_list":{"0":"post-114760","1":"product","2":"type-product","3":"status-publish","4":"has-post-thumbnail","6":"product_cat-inforamar-for-metallytor","7":"product_tag-svart","8":"product_shipping_class-tunga-paket","9":"pa_brands-durable","10":"pa_farg-svart","11":"tm-no-options","13":"first","14":"instock","15":"sale","16":"taxable","17":"shipping-taxable","18":"purchasable","19":"product-type-simple"},"acf":[],"_links":{"self":[{"href":"https:\/\/secureus.se\/fr\/wp-json\/wp\/v2\/product\/114760","targetHints":{"allow":["GET"]}}],"collection":[{"href":"https:\/\/secureus.se\/fr\/wp-json\/wp\/v2\/product"}],"about":[{"href":"https:\/\/secureus.se\/fr\/wp-json\/wp\/v2\/types\/product"}],"wp:featuredmedia":[{"embeddable":true,"href":"https:\/\/secureus.se\/fr\/wp-json\/wp\/v2\/media\/133399"}],"wp:attachment":[{"href":"https:\/\/secureus.se\/fr\/wp-json\/wp\/v2\/media?parent=114760"}],"wp:term":[{"taxonomy":"product_brand","embeddable":true,"href":"https:\/\/secureus.se\/fr\/wp-json\/wp\/v2\/product_brand?post=114760"},{"taxonomy":"product_cat","embeddable":true,"href":"https:\/\/secureus.se\/fr\/wp-json\/wp\/v2\/product_cat?post=114760"},{"taxonomy":"product_tag","embeddable":true,"href":"https:\/\/secureus.se\/fr\/wp-json\/wp\/v2\/product_tag?post=114760"}],"curies":[{"name":"wp","href":"https:\/\/api.w.org\/{rel}","templated":true}]}}