{"id":114777,"date":"2024-11-20T14:04:20","date_gmt":"2024-11-20T13:04:20","guid":{"rendered":"https:\/\/secureus.se\/?post_type=product&#038;p=114777"},"modified":"2026-01-12T12:10:09","modified_gmt":"2026-01-12T11:10:09","slug":"forsta-hjalpen-skap-first-aid-box-large-tom","status":"publish","type":"product","link":"https:\/\/secureus.se\/fr\/forsta-hjalpen-skap-first-aid-box-large-tom\/","title":{"rendered":"Armoire de premiers secours FIRST AID BOX Grande (vide)"},"content":{"rendered":"<p>Rassemblez les fournitures de premiers secours, les comprim\u00e9s contre les maux de t\u00eate et autres en un seul endroit, de mani\u00e8re \u00e0 ce qu'ils soient facilement accessibles en cas de besoin. Armoire de premiers secours en aluminium avec 3 compartiments pivotants qui peuvent \u00eatre remplis selon les besoins. Une vis et une cheville pour le montage mural ainsi qu'un badge de premiers secours autocollant sont inclus. La serrure \u00e0 cylindre avec 2 cl\u00e9s permet de fermer l'armoire \u00e0 cl\u00e9. Dimensions : 40x30x12cm HxLxP.<br \/>\nAccessoires : Ensemble d&#039;articles de toilette, r\u00e9f. 197500.<\/p>","protected":false},"excerpt":{"rendered":"<p>Armoire de premiers secours en aluminium \u00e0 trois compartiments.<\/p>","protected":false},"featured_media":155440,"template":"","meta":{"_acf_changed":false},"product_brand":[],"product_cat":[1573],"product_tag":[4382],"class_list":{"0":"post-114777","1":"product","2":"type-product","3":"status-publish","4":"has-post-thumbnail","6":"product_cat-forsta-hjalpen","7":"product_tag-silver","8":"product_shipping_class-tunga-paket","9":"pa_brands-durable","10":"pa_farg-silver","11":"tm-no-options","13":"first","14":"instock","15":"sale","16":"taxable","17":"shipping-taxable","18":"purchasable","19":"product-type-simple"},"acf":[],"_links":{"self":[{"href":"https:\/\/secureus.se\/fr\/wp-json\/wp\/v2\/product\/114777","targetHints":{"allow":["GET"]}}],"collection":[{"href":"https:\/\/secureus.se\/fr\/wp-json\/wp\/v2\/product"}],"about":[{"href":"https:\/\/secureus.se\/fr\/wp-json\/wp\/v2\/types\/product"}],"wp:featuredmedia":[{"embeddable":true,"href":"https:\/\/secureus.se\/fr\/wp-json\/wp\/v2\/media\/155440"}],"wp:attachment":[{"href":"https:\/\/secureus.se\/fr\/wp-json\/wp\/v2\/media?parent=114777"}],"wp:term":[{"taxonomy":"product_brand","embeddable":true,"href":"https:\/\/secureus.se\/fr\/wp-json\/wp\/v2\/product_brand?post=114777"},{"taxonomy":"product_cat","embeddable":true,"href":"https:\/\/secureus.se\/fr\/wp-json\/wp\/v2\/product_cat?post=114777"},{"taxonomy":"product_tag","embeddable":true,"href":"https:\/\/secureus.se\/fr\/wp-json\/wp\/v2\/product_tag?post=114777"}],"curies":[{"name":"wp","href":"https:\/\/api.w.org\/{rel}","templated":true}]}}