{"id":114782,"date":"2024-11-20T14:02:47","date_gmt":"2024-11-20T13:02:47","guid":{"rendered":"https:\/\/secureus.se\/?post_type=product&#038;p=114782"},"modified":"2025-12-31T21:34:57","modified_gmt":"2025-12-31T20:34:57","slug":"badgemaker-recycled-etiketter-till-namnskylt-60x90","status":"publish","type":"product","link":"https:\/\/secureus.se\/fr\/badgemaker-recycled-etiketter-till-namnskylt-60x90\/","title":{"rendered":"\u00c9tiquettes BADGEMAKER\u00ae RECYCL\u00c9ES pour plaque signal\u00e9tique 60\u00d790"},"content":{"rendered":"<p>Concevez des plaques signal\u00e9tiques professionnelles mais personnelles dans le programme gratuit DURAPRINT\u00ae disponible sur www.duraprint.se. Imprimez dans une imprimante laser ou jet d&#039;encre sur des feuilles d&#039;\u00e9tiquettes BADGEMAKER\u00ae de papier PEFC recycl\u00e9 de 150 grammes. L&#039;\u00e9tiquette nominative elle-m\u00eame est facile \u00e0 d\u00e9chirer. Le paquet de 20 feuilles A4 contient 160 \u00e9tiquettes intercalaires de dimensions 60x90 mm (HxL). <\/p>","protected":false},"excerpt":{"rendered":"<p>Feuille d&#039;\u00e9tiquettes en papier recycl\u00e9 de 150 g. Pour plaques signal\u00e9tiques au format 60x90mm. 20 feuilles A4 = 160 \u00e9tiquettes.<\/p>","protected":false},"featured_media":134659,"template":"","meta":{"_acf_changed":false},"product_brand":[],"product_cat":[4276],"product_tag":[4396],"class_list":{"0":"post-114782","1":"product","2":"type-product","3":"status-publish","4":"has-post-thumbnail","6":"product_cat-etiketter-till-namnskyltar","7":"product_tag-vit","8":"product_shipping_class-tunga-paket","9":"pa_brands-durable","10":"tm-no-options","12":"first","13":"instock","14":"sale","15":"taxable","16":"shipping-taxable","17":"purchasable","18":"product-type-simple"},"acf":[],"_links":{"self":[{"href":"https:\/\/secureus.se\/fr\/wp-json\/wp\/v2\/product\/114782","targetHints":{"allow":["GET"]}}],"collection":[{"href":"https:\/\/secureus.se\/fr\/wp-json\/wp\/v2\/product"}],"about":[{"href":"https:\/\/secureus.se\/fr\/wp-json\/wp\/v2\/types\/product"}],"wp:featuredmedia":[{"embeddable":true,"href":"https:\/\/secureus.se\/fr\/wp-json\/wp\/v2\/media\/134659"}],"wp:attachment":[{"href":"https:\/\/secureus.se\/fr\/wp-json\/wp\/v2\/media?parent=114782"}],"wp:term":[{"taxonomy":"product_brand","embeddable":true,"href":"https:\/\/secureus.se\/fr\/wp-json\/wp\/v2\/product_brand?post=114782"},{"taxonomy":"product_cat","embeddable":true,"href":"https:\/\/secureus.se\/fr\/wp-json\/wp\/v2\/product_cat?post=114782"},{"taxonomy":"product_tag","embeddable":true,"href":"https:\/\/secureus.se\/fr\/wp-json\/wp\/v2\/product_tag?post=114782"}],"curies":[{"name":"wp","href":"https:\/\/api.w.org\/{rel}","templated":true}]}}