{"id":114807,"date":"2024-11-20T13:55:59","date_gmt":"2024-11-20T12:55:59","guid":{"rendered":"https:\/\/secureus.se\/?post_type=product&#038;p=114807"},"modified":"2026-01-12T12:26:36","modified_gmt":"2026-01-12T11:26:36","slug":"dorrskylt-click-sign-149x1055-a6","status":"publish","type":"product","link":"https:\/\/secureus.se\/fr\/dorrskylt-click-sign-149x1055-a6\/","title":{"rendered":"Panneau de porte CLICK SIGN 149\u00d7105,5 (A6)"},"content":{"rendered":"<p>Des panneaux de porte et muraux de diff\u00e9rentes conceptions aident les visiteurs \u00e0 s&#039;orienter et \u00e0 indiquer qui, quel service, fonction ou salle de conf\u00e9rence se trouve dans les locaux. La s\u00e9rie de panneaux CLICK SIGN est disponible en quatre couleurs pour avoir la possibilit\u00e9 d&#039;avoir diff\u00e9rentes couleurs dans diff\u00e9rents d\u00e9partements ou \u00e9tages ou simplement parce que c&#039;est une couleur qui correspond \u00e0 l&#039;entreprise. CLICK SIGN poss\u00e8de un panneau avant rabattable derri\u00e8re lequel la feuille blanche avec le texte est prot\u00e9g\u00e9e. Des vis, des chevilles et des bandes autocollantes sont inclus dans le kit d&#039;installation, ainsi que des instructions d&#039;installation et une plaque d&#039;insertion blanche. Concevez ce panneau A6 horizontal (149\u00d7105,5) \u00e0 l&#039;aide du programme gratuit DURAPRINT\u00ae disponible sur www.duraprint.se et imprimez sur des feuilles A4, qui sont command\u00e9es s\u00e9par\u00e9ment.<br \/>\nAccessoires : feuille A4 pour impression avec une imprimante laser, num\u00e9ro d&#039;article 485102<\/p>","protected":false},"excerpt":{"rendered":"<p>Plaque de porte en plastique avec cadre bross\u00e9 au format paysage A6 149\u00d7105,5mm.<\/p>","protected":false},"featured_media":134715,"template":"","meta":{"_acf_changed":false},"product_brand":[],"product_cat":[4263],"product_tag":[4387],"class_list":{"0":"post-114807","1":"product","2":"type-product","3":"status-publish","4":"has-post-thumbnail","6":"product_cat-dorrskyltar-i-plast","7":"product_tag-bla","8":"product_shipping_class-tunga-paket","9":"pa_brands-durable","10":"tm-no-options","12":"first","13":"instock","14":"sale","15":"taxable","16":"shipping-taxable","17":"purchasable","18":"product-type-simple"},"acf":[],"_links":{"self":[{"href":"https:\/\/secureus.se\/fr\/wp-json\/wp\/v2\/product\/114807","targetHints":{"allow":["GET"]}}],"collection":[{"href":"https:\/\/secureus.se\/fr\/wp-json\/wp\/v2\/product"}],"about":[{"href":"https:\/\/secureus.se\/fr\/wp-json\/wp\/v2\/types\/product"}],"wp:featuredmedia":[{"embeddable":true,"href":"https:\/\/secureus.se\/fr\/wp-json\/wp\/v2\/media\/134715"}],"wp:attachment":[{"href":"https:\/\/secureus.se\/fr\/wp-json\/wp\/v2\/media?parent=114807"}],"wp:term":[{"taxonomy":"product_brand","embeddable":true,"href":"https:\/\/secureus.se\/fr\/wp-json\/wp\/v2\/product_brand?post=114807"},{"taxonomy":"product_cat","embeddable":true,"href":"https:\/\/secureus.se\/fr\/wp-json\/wp\/v2\/product_cat?post=114807"},{"taxonomy":"product_tag","embeddable":true,"href":"https:\/\/secureus.se\/fr\/wp-json\/wp\/v2\/product_tag?post=114807"}],"curies":[{"name":"wp","href":"https:\/\/api.w.org\/{rel}","templated":true}]}}