{"id":114830,"date":"2024-11-20T14:10:58","date_gmt":"2024-11-20T13:10:58","guid":{"rendered":"https:\/\/secureus.se\/?post_type=product&#038;p=114830"},"modified":"2026-01-12T12:55:17","modified_gmt":"2026-01-12T11:55:17","slug":"halkskyddstejp-duraline-grip-color-75-mm","status":"publish","type":"product","link":"https:\/\/secureus.se\/fr\/halkskyddstejp-duraline-grip-color-75-mm\/","title":{"rendered":"Ruban antid\u00e9rapant Duraline Grip couleur 75 mm"},"content":{"rendered":"<p>Ruban antid\u00e9rapant destin\u00e9 \u00e0 un usage int\u00e9rieur ou dans des endroits prot\u00e9g\u00e9s en ext\u00e9rieur o\u00f9 il existe un risque de glissade. Il peut s&#039;agir de sols ou de marches glissants, d&#039;\u00e9chelles, de rampes inclin\u00e9es, de p\u00e9dales et de marches sur des machines et des v\u00e9hicules. Il s&#039;agit d&#039;un ruban adh\u00e9sif couleur d&#039;avertissement de 75 mm de large avec une granulom\u00e9trie moyenne qui offre une surface avec une bonne adh\u00e9rence et une bonne friction. Facile \u00e0 utiliser pour tout le monde : assurez-vous que le sol est propre et sec. La temp\u00e9rature minimale pour l&#039;assemblage est de +10, la temp\u00e9rature optimale se situe entre 15 et 20 degr\u00e9s. Retirez 10 cm de plastique de protection au dos et fixez le ruban adh\u00e9sif, puis d\u00e9roulez et retirez le plastique de protection progressivement, il sera plus facile de fixer le ruban adh\u00e9sif dans la ligne souhait\u00e9e. Au bout de 48 heures, la colle a compl\u00e8tement durci, mais vous pouvez marcher sur le ruban imm\u00e9diatement apr\u00e8s la pose.<br \/>\nSp\u00e9cifications techniques : Niveau de r\u00e9sistance au glissement R13 selon DIN51130. Roulez environ 15 m\u00e8tres. Largeur : 75 mm. Granulom\u00e9trie 60<\/p>","protected":false},"excerpt":{"rendered":"<p>Large ruban antid\u00e9rapant de couleur d&#039;avertissement pour une utilisation en int\u00e9rieur et dans des endroits ext\u00e9rieurs prot\u00e9g\u00e9s. Surface robuste offrant une bonne adh\u00e9rence.<\/p>","protected":false},"featured_media":133750,"template":"","meta":{"_acf_changed":false},"product_brand":[],"product_cat":[4305],"product_tag":[4386],"class_list":{"0":"post-114830","1":"product","2":"type-product","3":"status-publish","4":"has-post-thumbnail","6":"product_cat-halkskyddstejp","7":"product_tag-gul-svart","8":"product_shipping_class-tunga-paket","9":"pa_brands-durable","10":"pa_farg-gul-svart","11":"tm-no-options","13":"first","14":"instock","15":"sale","16":"taxable","17":"shipping-taxable","18":"purchasable","19":"product-type-simple"},"acf":[],"_links":{"self":[{"href":"https:\/\/secureus.se\/fr\/wp-json\/wp\/v2\/product\/114830","targetHints":{"allow":["GET"]}}],"collection":[{"href":"https:\/\/secureus.se\/fr\/wp-json\/wp\/v2\/product"}],"about":[{"href":"https:\/\/secureus.se\/fr\/wp-json\/wp\/v2\/types\/product"}],"wp:featuredmedia":[{"embeddable":true,"href":"https:\/\/secureus.se\/fr\/wp-json\/wp\/v2\/media\/133750"}],"wp:attachment":[{"href":"https:\/\/secureus.se\/fr\/wp-json\/wp\/v2\/media?parent=114830"}],"wp:term":[{"taxonomy":"product_brand","embeddable":true,"href":"https:\/\/secureus.se\/fr\/wp-json\/wp\/v2\/product_brand?post=114830"},{"taxonomy":"product_cat","embeddable":true,"href":"https:\/\/secureus.se\/fr\/wp-json\/wp\/v2\/product_cat?post=114830"},{"taxonomy":"product_tag","embeddable":true,"href":"https:\/\/secureus.se\/fr\/wp-json\/wp\/v2\/product_tag?post=114830"}],"curies":[{"name":"wp","href":"https:\/\/api.w.org\/{rel}","templated":true}]}}