{"id":114844,"date":"2024-11-20T14:09:55","date_gmt":"2024-11-20T13:09:55","guid":{"rendered":"https:\/\/secureus.se\/?post_type=product&#038;p=114844"},"modified":"2026-03-11T14:43:33","modified_gmt":"2026-03-11T13:43:33","slug":"flexiplus-2-a4-liggande-broschyrfack-2","status":"publish","type":"product","link":"https:\/\/secureus.se\/fr\/flexiplus-2-a4-liggande-broschyrfack-2\/","title":{"rendered":"Bac \u00e0 brochures paysage A4 FLEXIPLUS 2"},"content":{"rendered":"<p>Plateaux \u00e0 formulaires, pr\u00e9sentoirs \u00e0 brochures, plateaux \u00e0 courrier \u2013 FLEXIPLUS est une gamme de supports muraux flexibles et peu encombrants pour brochures, magazines, formulaires et autres documents au format A4. Chaque plateau peut contenir des liasses de 24 mm d&#039;\u00e9paisseur. Ce kit complet comprend deux plateaux au format paysage, assemblables ou utilisables s\u00e9par\u00e9ment. Vis et chevilles incluses. Dimensions de chaque plateau\u00a0: 34\u00a0\u00d7\u00a019,5\u00a0\u00d7\u00a03,5\u00a0cm (L\u00a0\u00d7\u00a0H\u00a0\u00d7\u00a0P). Fix\u00e9 en biais au mur, le support mesure 10\u00a0cm de haut, 34\u00a0cm de large et 25\u00a0cm de profondeur une fois les deux plateaux assembl\u00e9s. Possibilit\u00e9 d&#039;ajouter des plateaux suppl\u00e9mentaires en les assemblant les uns apr\u00e8s les autres.<\/p>","protected":false},"excerpt":{"rendered":"<p>Set complet de 2 plateaux livrets FLEXIPLUS A4 au format paysage.<\/p>","protected":false},"featured_media":133841,"template":"","meta":{"_acf_changed":false},"product_brand":[],"product_cat":[4280],"product_tag":[4381],"class_list":{"0":"post-114844","1":"product","2":"type-product","3":"status-publish","4":"has-post-thumbnail","6":"product_cat-broschyrstall","7":"product_tag-svart","8":"product_shipping_class-tunga-paket","9":"pa_brands-durable","10":"pa_farg-svart","11":"tm-no-options","13":"first","14":"instock","15":"sale","16":"taxable","17":"shipping-taxable","18":"purchasable","19":"product-type-simple"},"acf":[],"_links":{"self":[{"href":"https:\/\/secureus.se\/fr\/wp-json\/wp\/v2\/product\/114844","targetHints":{"allow":["GET"]}}],"collection":[{"href":"https:\/\/secureus.se\/fr\/wp-json\/wp\/v2\/product"}],"about":[{"href":"https:\/\/secureus.se\/fr\/wp-json\/wp\/v2\/types\/product"}],"wp:featuredmedia":[{"embeddable":true,"href":"https:\/\/secureus.se\/fr\/wp-json\/wp\/v2\/media\/133841"}],"wp:attachment":[{"href":"https:\/\/secureus.se\/fr\/wp-json\/wp\/v2\/media?parent=114844"}],"wp:term":[{"taxonomy":"product_brand","embeddable":true,"href":"https:\/\/secureus.se\/fr\/wp-json\/wp\/v2\/product_brand?post=114844"},{"taxonomy":"product_cat","embeddable":true,"href":"https:\/\/secureus.se\/fr\/wp-json\/wp\/v2\/product_cat?post=114844"},{"taxonomy":"product_tag","embeddable":true,"href":"https:\/\/secureus.se\/fr\/wp-json\/wp\/v2\/product_tag?post=114844"}],"curies":[{"name":"wp","href":"https:\/\/api.w.org\/{rel}","templated":true}]}}