{"id":114873,"date":"2024-11-20T14:09:56","date_gmt":"2024-11-20T13:09:56","guid":{"rendered":"https:\/\/secureus.se\/?post_type=product&#038;p=114873"},"modified":"2026-01-12T13:00:05","modified_gmt":"2026-01-12T12:00:05","slug":"flexiplus-2-a5-staende-broschyrfack","status":"publish","type":"product","link":"https:\/\/secureus.se\/fr\/flexiplus-2-a5-staende-broschyrfack\/","title":{"rendered":"Bac \u00e0 brochures debout FLEXIPLUS 2 A5"},"content":{"rendered":"<p>Bacs \u00e0 formulaires, porte-brochures, corbeilles \u00e0 courrier - FLEXIPLUS est une s\u00e9rie de supports peu encombrants, flexibles et muraux pour brochures, magazines, formulaires et autres informations au format A5. Chaque compartiment a une capacit\u00e9 de paquets de 24 mm d&#039;\u00e9paisseur. Il s&#039;agit d&#039;un ensemble complet avec 2 compartiments au format debout o\u00f9 les compartiments peuvent \u00eatre assembl\u00e9s ensemble ou utilis\u00e9s s\u00e9par\u00e9ment. Un jeu de vis et de chevilles est inclus. Chaque compartiment mesure 18\u00d719,5\u00d73,5 cm (LxHxP). Mont\u00e9 en angle par rapport au mur, il mesure 10 cm, a une largeur de 18 cm et une hauteur de 25 cm lorsque les deux compartiments sont assembl\u00e9s. Peut \u00eatre construit avec plus de compartiments selon les besoins en accrochant les compartiments les uns apr\u00e8s les autres. <\/p>","protected":false},"excerpt":{"rendered":"<p>Set complet de 2 plateaux livrets FLEXIPLUS A5 au format portrait.<\/p>","protected":false},"featured_media":133791,"template":"","meta":{"_acf_changed":false},"product_brand":[],"product_cat":[4280],"product_tag":[4376],"class_list":{"0":"post-114873","1":"product","2":"type-product","3":"status-publish","4":"has-post-thumbnail","6":"product_cat-broschyrstall","7":"product_tag-transparent","8":"product_shipping_class-tunga-paket","9":"pa_brands-durable","10":"pa_farg-transparent","11":"tm-no-options","13":"first","14":"instock","15":"sale","16":"taxable","17":"shipping-taxable","18":"purchasable","19":"product-type-simple"},"acf":[],"_links":{"self":[{"href":"https:\/\/secureus.se\/fr\/wp-json\/wp\/v2\/product\/114873","targetHints":{"allow":["GET"]}}],"collection":[{"href":"https:\/\/secureus.se\/fr\/wp-json\/wp\/v2\/product"}],"about":[{"href":"https:\/\/secureus.se\/fr\/wp-json\/wp\/v2\/types\/product"}],"wp:featuredmedia":[{"embeddable":true,"href":"https:\/\/secureus.se\/fr\/wp-json\/wp\/v2\/media\/133791"}],"wp:attachment":[{"href":"https:\/\/secureus.se\/fr\/wp-json\/wp\/v2\/media?parent=114873"}],"wp:term":[{"taxonomy":"product_brand","embeddable":true,"href":"https:\/\/secureus.se\/fr\/wp-json\/wp\/v2\/product_brand?post=114873"},{"taxonomy":"product_cat","embeddable":true,"href":"https:\/\/secureus.se\/fr\/wp-json\/wp\/v2\/product_cat?post=114873"},{"taxonomy":"product_tag","embeddable":true,"href":"https:\/\/secureus.se\/fr\/wp-json\/wp\/v2\/product_tag?post=114873"}],"curies":[{"name":"wp","href":"https:\/\/api.w.org\/{rel}","templated":true}]}}