{"id":114883,"date":"2024-11-20T13:58:42","date_gmt":"2024-11-20T12:58:42","guid":{"rendered":"https:\/\/secureus.se\/?post_type=product&#038;p=114883"},"modified":"2026-01-12T12:31:10","modified_gmt":"2026-01-12T11:31:10","slug":"inforam-duraframe-poster-a2-2","status":"publish","type":"product","link":"https:\/\/secureus.se\/fr\/inforam-duraframe-poster-a2-2\/","title":{"rendered":"Cadre d&#039;information DURAFRAME\u00ae POSTER A2"},"content":{"rendered":"<p>Utilisez les cadres d&#039;information DURAFRAME\u00ae POSTER pour afficher et pr\u00e9senter de mani\u00e8re professionnelle les offres promotionnelles, les heures d&#039;ouverture, la publicit\u00e9, etc. dans les vitrines des magasins, sur les murs ou les cloisons vitr\u00e9es.<br \/>\nLe cadre est maintenu ensemble par des aimants plats le long des c\u00f4t\u00e9s longs et il est facile d&#039;ins\u00e9rer ou de modifier des messages en soulevant l&#039;avant. Facile \u00e0 installer \u2013 lisse et agr\u00e9able sans bulles \u2013 avec deux bandes autocollantes sur les c\u00f4t\u00e9s courts du dos. Le cadre pour affiche peut \u00eatre retir\u00e9 des surfaces lisses et solides sans laisser de r\u00e9sidus. Plus joli que le ruban adh\u00e9sif ! Le cadre peut contenir 2 affiches (papier 150gr) et est lisible des deux c\u00f4t\u00e9s avec le m\u00eame joli cadre au recto qu&#039;au verso. Fabriqu\u00e9 en plastique PET.<br \/>\nR\u00e9sistant \u00e0 la chaleur jusqu&#039;\u00e0 70\u00b0 et stable aux UV jusqu&#039;\u00e0 2 ans. Pour affiches au format A2 portrait ou paysage. Dimensions ext\u00e9rieures 465 x 639 mm.<br \/>\nCouleur: argent<br \/>\nEmballage pratique peu encombrant avec 1 cadre enroulable<\/p>","protected":false},"excerpt":{"rendered":"<p>Cadre d&#039;information pour informations et affiches au format A2. Pour vitrines, murs et sections vitr\u00e9es.<\/p>","protected":false},"featured_media":134687,"template":"","meta":{"_acf_changed":false},"product_brand":[],"product_cat":[4294],"product_tag":[4382],"class_list":{"0":"post-114883","1":"product","2":"type-product","3":"status-publish","4":"has-post-thumbnail","6":"product_cat-inforamar-for-solexponerade-ytor","7":"product_tag-silver","8":"product_shipping_class-tunga-paket","9":"pa_brands-durable","10":"pa_farg-silver","11":"tm-no-options","13":"first","14":"instock","15":"sale","16":"taxable","17":"shipping-taxable","18":"purchasable","19":"product-type-simple"},"acf":[],"_links":{"self":[{"href":"https:\/\/secureus.se\/fr\/wp-json\/wp\/v2\/product\/114883","targetHints":{"allow":["GET"]}}],"collection":[{"href":"https:\/\/secureus.se\/fr\/wp-json\/wp\/v2\/product"}],"about":[{"href":"https:\/\/secureus.se\/fr\/wp-json\/wp\/v2\/types\/product"}],"wp:featuredmedia":[{"embeddable":true,"href":"https:\/\/secureus.se\/fr\/wp-json\/wp\/v2\/media\/134687"}],"wp:attachment":[{"href":"https:\/\/secureus.se\/fr\/wp-json\/wp\/v2\/media?parent=114883"}],"wp:term":[{"taxonomy":"product_brand","embeddable":true,"href":"https:\/\/secureus.se\/fr\/wp-json\/wp\/v2\/product_brand?post=114883"},{"taxonomy":"product_cat","embeddable":true,"href":"https:\/\/secureus.se\/fr\/wp-json\/wp\/v2\/product_cat?post=114883"},{"taxonomy":"product_tag","embeddable":true,"href":"https:\/\/secureus.se\/fr\/wp-json\/wp\/v2\/product_tag?post=114883"}],"curies":[{"name":"wp","href":"https:\/\/api.w.org\/{rel}","templated":true}]}}