{"id":114908,"date":"2025-01-07T11:02:23","date_gmt":"2025-01-07T10:02:23","guid":{"rendered":"https:\/\/secureus.se\/?post_type=product&#038;p=114908"},"modified":"2026-01-12T12:34:56","modified_gmt":"2026-01-12T11:34:56","slug":"bladderpanel-function-panel-a4","status":"publish","type":"product","link":"https:\/\/secureus.se\/fr\/bladderpanel-function-panel-a4\/","title":{"rendered":"Panneau rabattable PANNEAU DE FONCTION A4"},"content":{"rendered":"<p>Panneau durable et num\u00e9risable pour documents au format A4 avec bord ext\u00e9rieur color\u00e9 et supports d&#039;en-t\u00eate fixes de diff\u00e9rentes couleurs. A utiliser dans des syst\u00e8mes d&#039;aper\u00e7u avec des pointes int\u00e9gr\u00e9es dans le support. Ouverture en haut pour changement de documents. Perfor\u00e9 universellement pour s&#039;adapter \u00e9galement aux classeurs. L&#039;achat minimum est un pack de 5 panneaux.<\/p>","protected":false},"excerpt":{"rendered":"<p>Pochette plastique avec porte-\u00e9tiquettes fixes. Convient aux tables et aux supports muraux dont les pointes sont int\u00e9gr\u00e9es au support.<\/p>","protected":false},"featured_media":134817,"template":"","meta":{"_acf_changed":false},"product_brand":[],"product_cat":[4301],"product_tag":[4398],"class_list":{"0":"post-114908","1":"product","2":"type-product","3":"status-publish","4":"has-post-thumbnail","6":"product_cat-tillbehor-till-bladderpanelsystem","7":"product_tag-gron","8":"product_shipping_class-tunga-paket","9":"pa_brands-durable","10":"pa_farg-gron","11":"tm-no-options","13":"first","14":"instock","15":"sale","16":"taxable","17":"shipping-taxable","18":"purchasable","19":"product-type-simple"},"acf":[],"_links":{"self":[{"href":"https:\/\/secureus.se\/fr\/wp-json\/wp\/v2\/product\/114908","targetHints":{"allow":["GET"]}}],"collection":[{"href":"https:\/\/secureus.se\/fr\/wp-json\/wp\/v2\/product"}],"about":[{"href":"https:\/\/secureus.se\/fr\/wp-json\/wp\/v2\/types\/product"}],"wp:featuredmedia":[{"embeddable":true,"href":"https:\/\/secureus.se\/fr\/wp-json\/wp\/v2\/media\/134817"}],"wp:attachment":[{"href":"https:\/\/secureus.se\/fr\/wp-json\/wp\/v2\/media?parent=114908"}],"wp:term":[{"taxonomy":"product_brand","embeddable":true,"href":"https:\/\/secureus.se\/fr\/wp-json\/wp\/v2\/product_brand?post=114908"},{"taxonomy":"product_cat","embeddable":true,"href":"https:\/\/secureus.se\/fr\/wp-json\/wp\/v2\/product_cat?post=114908"},{"taxonomy":"product_tag","embeddable":true,"href":"https:\/\/secureus.se\/fr\/wp-json\/wp\/v2\/product_tag?post=114908"}],"curies":[{"name":"wp","href":"https:\/\/api.w.org\/{rel}","templated":true}]}}