{"id":114941,"date":"2024-11-20T13:57:46","date_gmt":"2024-11-20T12:57:46","guid":{"rendered":"https:\/\/secureus.se\/?post_type=product&#038;p=114941"},"modified":"2026-01-12T12:25:08","modified_gmt":"2026-01-12T11:25:08","slug":"etiketter-49x1055-a6-refill","status":"publish","type":"product","link":"https:\/\/secureus.se\/fr\/etiketter-49x1055-a6-refill\/","title":{"rendered":"Recharge \u00e9tiquettes 49\u00d7105,5 (A6)"},"content":{"rendered":"<p>Feuilles A4 blanches de 160 gr adapt\u00e9es aux panneaux INFO SIGN 4801 et CLICK SIGN 4861, format paysage A6 149\u00d7105,5 mm. Concevez le panneau \u00e0 l&#039;aide du programme gratuit DURAPRINT\u00ae disponible sur www.duraprint.se et imprimez-le avec une imprimante laser. Un paquet contient 10 feuilles avec 2 inserts de signalisation\/feuille. Les feuilles sont perfor\u00e9es et faciles \u00e0 d\u00e9chirer.<\/p>","protected":false},"excerpt":{"rendered":"<p>20 inserts blancs pour les panneaux INFO SIGN 4801 et CLICK SIGN 4861, paysage A6 (149\u00d7105,5mm).<\/p>","protected":false},"featured_media":135081,"template":"","meta":{"_acf_changed":false},"product_brand":[],"product_cat":[4265,4263,4206],"product_tag":[4396],"class_list":{"0":"post-114941","1":"product","2":"type-product","3":"status-publish","4":"has-post-thumbnail","6":"product_cat-dorrskyltar-i-alumunium","7":"product_cat-dorrskyltar-i-plast","8":"product_cat-kontor-lager","9":"product_tag-vit","10":"product_shipping_class-tunga-paket","11":"pa_brands-durable","12":"pa_farg-vit","13":"tm-no-options","15":"first","16":"instock","17":"sale","18":"taxable","19":"shipping-taxable","20":"purchasable","21":"product-type-simple"},"acf":[],"_links":{"self":[{"href":"https:\/\/secureus.se\/fr\/wp-json\/wp\/v2\/product\/114941","targetHints":{"allow":["GET"]}}],"collection":[{"href":"https:\/\/secureus.se\/fr\/wp-json\/wp\/v2\/product"}],"about":[{"href":"https:\/\/secureus.se\/fr\/wp-json\/wp\/v2\/types\/product"}],"wp:featuredmedia":[{"embeddable":true,"href":"https:\/\/secureus.se\/fr\/wp-json\/wp\/v2\/media\/135081"}],"wp:attachment":[{"href":"https:\/\/secureus.se\/fr\/wp-json\/wp\/v2\/media?parent=114941"}],"wp:term":[{"taxonomy":"product_brand","embeddable":true,"href":"https:\/\/secureus.se\/fr\/wp-json\/wp\/v2\/product_brand?post=114941"},{"taxonomy":"product_cat","embeddable":true,"href":"https:\/\/secureus.se\/fr\/wp-json\/wp\/v2\/product_cat?post=114941"},{"taxonomy":"product_tag","embeddable":true,"href":"https:\/\/secureus.se\/fr\/wp-json\/wp\/v2\/product_tag?post=114941"}],"curies":[{"name":"wp","href":"https:\/\/api.w.org\/{rel}","templated":true}]}}