{"id":114942,"date":"2025-01-07T11:02:23","date_gmt":"2025-01-07T10:02:23","guid":{"rendered":"https:\/\/secureus.se\/?post_type=product&#038;p=114942"},"modified":"2026-01-12T12:36:45","modified_gmt":"2026-01-12T11:36:45","slug":"bladderpanel-function-panel-safe-a4","status":"publish","type":"product","link":"https:\/\/secureus.se\/fr\/bladderpanel-function-panel-safe-a4\/","title":{"rendered":"Panneau rabattable PANNEAU DE FONCTION SAFE A4"},"content":{"rendered":"<p>Panneau pour documents au format A4 qui sont conserv\u00e9s \u00e0 l&#039;abri de la salet\u00e9, de la poussi\u00e8re et de l&#039;humidit\u00e9 gr\u00e2ce \u00e0 la fermeture zipp\u00e9e sur le c\u00f4t\u00e9. Avec supports d&#039;en-t\u00eate fixes. A utiliser dans des syst\u00e8mes d&#039;aper\u00e7u avec des pointes int\u00e9gr\u00e9es dans le support. Avec des supports d&#039;en-t\u00eate fixes et des trous universels pour s&#039;adapter \u00e9galement aux classeurs. L&#039;achat minimum est un pack de 5 panneaux.<\/p>","protected":false},"excerpt":{"rendered":"<p>Pochette plastique avec fermeture zipp\u00e9e sur le c\u00f4t\u00e9 et porte-\u00e9tiquettes fixes. Convient aux tables et aux supports muraux dont les pointes sont int\u00e9gr\u00e9es au support.<\/p>","protected":false},"featured_media":134923,"template":"","meta":{"_acf_changed":false},"product_brand":[],"product_cat":[4301],"product_tag":[4376],"class_list":{"0":"post-114942","1":"product","2":"type-product","3":"status-publish","4":"has-post-thumbnail","6":"product_cat-tillbehor-till-bladderpanelsystem","7":"product_tag-transparent","8":"product_shipping_class-tunga-paket","9":"pa_brands-durable","10":"pa_farg-transparent","11":"tm-no-options","13":"first","14":"instock","15":"sale","16":"taxable","17":"shipping-taxable","18":"purchasable","19":"product-type-simple"},"acf":[],"_links":{"self":[{"href":"https:\/\/secureus.se\/fr\/wp-json\/wp\/v2\/product\/114942","targetHints":{"allow":["GET"]}}],"collection":[{"href":"https:\/\/secureus.se\/fr\/wp-json\/wp\/v2\/product"}],"about":[{"href":"https:\/\/secureus.se\/fr\/wp-json\/wp\/v2\/types\/product"}],"wp:featuredmedia":[{"embeddable":true,"href":"https:\/\/secureus.se\/fr\/wp-json\/wp\/v2\/media\/134923"}],"wp:attachment":[{"href":"https:\/\/secureus.se\/fr\/wp-json\/wp\/v2\/media?parent=114942"}],"wp:term":[{"taxonomy":"product_brand","embeddable":true,"href":"https:\/\/secureus.se\/fr\/wp-json\/wp\/v2\/product_brand?post=114942"},{"taxonomy":"product_cat","embeddable":true,"href":"https:\/\/secureus.se\/fr\/wp-json\/wp\/v2\/product_cat?post=114942"},{"taxonomy":"product_tag","embeddable":true,"href":"https:\/\/secureus.se\/fr\/wp-json\/wp\/v2\/product_tag?post=114942"}],"curies":[{"name":"wp","href":"https:\/\/api.w.org\/{rel}","templated":true}]}}