{"id":114960,"date":"2024-11-20T13:58:04","date_gmt":"2024-11-20T12:58:04","guid":{"rendered":"https:\/\/secureus.se\/?post_type=product&#038;p=114960"},"modified":"2026-01-12T12:28:51","modified_gmt":"2026-01-12T11:28:51","slug":"inforam-duraframe-grip-a4-2","status":"publish","type":"product","link":"https:\/\/secureus.se\/fr\/inforam-duraframe-grip-a4-2\/","title":{"rendered":"Cadre d&#039;information DURAFRAME\u00ae GRIP A4"},"content":{"rendered":"<p>Utilisez les cadres d&#039;information DURAFRAME\u00ae GRIP pour afficher des informations sur des murs textiles, par exemple des listes de t\u00e9l\u00e9phone ou des num\u00e9ros de t\u00e9l\u00e9phone qui doivent \u00eatre \u00e0 port\u00e9e de main.<br \/>\nFacile \u00e0 ins\u00e9rer ou \u00e0 modifier des messages en soulevant le devant avec fermeture magn\u00e9tique. Facile \u00e0 installer \u2013 sans outils ni autres accessoires \u2013 sur des paravents, des absorbeurs de bruit et des panneaux d&#039;affichage textiles. Assurez-vous que le dos n&#039;entre pas en contact avec vos v\u00eatements lorsque vous l&#039;enfilez, car la fine surface velcro au dos peut endommager vos v\u00eatements. Lorsque vous retirez le cadre de la surface textile, tirez-le doucement sur le c\u00f4t\u00e9, horizontalement. \u00c9vitez de le retirer par le haut ou par le bas. Il peut y avoir des fils un peu bossel\u00e9s ou l\u00e2ches \u00e0 l&#039;endroit o\u00f9 le produit est rest\u00e9. <\/p>\n<p>Pour les documents au format A4. Dimensions ext\u00e9rieures 236\u00d7323 mm.<br \/>\nCouleur : argent.<br \/>\nEmballage avec 1 pc.<\/p>","protected":false},"excerpt":{"rendered":"<p>Cadre d&#039;information facile \u00e0 utiliser pour diff\u00e9rents types d&#039;informations \u00e0 afficher sur des murs textiles. Pour les documents au format A4.<\/p>","protected":false},"featured_media":135024,"template":"","meta":{"_acf_changed":false},"product_brand":[],"product_cat":[4296],"product_tag":[4382],"class_list":{"0":"post-114960","1":"product","2":"type-product","3":"status-publish","4":"has-post-thumbnail","6":"product_cat-inforamar-for-slata-ytor","7":"product_tag-silver","8":"product_shipping_class-tunga-paket","9":"pa_brands-durable","10":"pa_farg-silver","11":"tm-no-options","13":"first","14":"instock","15":"sale","16":"taxable","17":"shipping-taxable","18":"purchasable","19":"product-type-simple"},"acf":[],"_links":{"self":[{"href":"https:\/\/secureus.se\/fr\/wp-json\/wp\/v2\/product\/114960","targetHints":{"allow":["GET"]}}],"collection":[{"href":"https:\/\/secureus.se\/fr\/wp-json\/wp\/v2\/product"}],"about":[{"href":"https:\/\/secureus.se\/fr\/wp-json\/wp\/v2\/types\/product"}],"wp:featuredmedia":[{"embeddable":true,"href":"https:\/\/secureus.se\/fr\/wp-json\/wp\/v2\/media\/135024"}],"wp:attachment":[{"href":"https:\/\/secureus.se\/fr\/wp-json\/wp\/v2\/media?parent=114960"}],"wp:term":[{"taxonomy":"product_brand","embeddable":true,"href":"https:\/\/secureus.se\/fr\/wp-json\/wp\/v2\/product_brand?post=114960"},{"taxonomy":"product_cat","embeddable":true,"href":"https:\/\/secureus.se\/fr\/wp-json\/wp\/v2\/product_cat?post=114960"},{"taxonomy":"product_tag","embeddable":true,"href":"https:\/\/secureus.se\/fr\/wp-json\/wp\/v2\/product_tag?post=114960"}],"curies":[{"name":"wp","href":"https:\/\/api.w.org\/{rel}","templated":true}]}}