{"id":114981,"date":"2024-11-20T14:07:27","date_gmt":"2024-11-20T13:07:27","guid":{"rendered":"https:\/\/secureus.se\/?post_type=product&#038;p=114981"},"modified":"2026-01-12T13:01:12","modified_gmt":"2026-01-12T12:01:12","slug":"flexiboxx-12-a4-staende-brochyrfack-2","status":"publish","type":"product","link":"https:\/\/secureus.se\/fr\/flexiboxx-12-a4-staende-brochyrfack-2\/","title":{"rendered":"Bac \u00e0 brochures sur pied FLEXIBOXX 12 A4"},"content":{"rendered":"<p>Compartiment \u00e0 formulaires, porte-brochures, bo\u00eete aux lettres - FLEXIBOXX est une s\u00e9rie de supports peu encombrants, flexibles et muraux pour brochures, magazines, formulaires et autres informations au format A4. Chaque compartiment a une capacit\u00e9 de paquets de 24 mm d&#039;\u00e9paisseur. Il s&#039;agit d&#039;un ensemble complet comprenant 12 compartiments au format portrait, un panneau avant ainsi que des vis et chevilles. Les dimensions de chaque compartiment individuel sont de 24x34x3,5 cm (LxHxP). Assembl\u00e9 et mont\u00e9 en angle par rapport au mur, il mesure 13,5 cm pour une largeur de 24 cm et une hauteur de 111 cm.<\/p>","protected":false},"excerpt":{"rendered":"<p>Set complet compos\u00e9 de 12 plateaux \u00e0 brochures FLEXIBOXX A4 au format portrait et d&#039;une plaque frontale.<\/p>","protected":false},"featured_media":133687,"template":"","meta":{"_acf_changed":false},"product_brand":[],"product_cat":[4280],"product_tag":[4376],"class_list":{"0":"post-114981","1":"product","2":"type-product","3":"status-publish","4":"has-post-thumbnail","6":"product_cat-broschyrstall","7":"product_tag-transparent","8":"product_shipping_class-tunga-paket","9":"pa_brands-durable","10":"pa_farg-transparent","11":"tm-no-options","13":"first","14":"instock","15":"sale","16":"taxable","17":"shipping-taxable","18":"purchasable","19":"product-type-simple"},"acf":[],"_links":{"self":[{"href":"https:\/\/secureus.se\/fr\/wp-json\/wp\/v2\/product\/114981","targetHints":{"allow":["GET"]}}],"collection":[{"href":"https:\/\/secureus.se\/fr\/wp-json\/wp\/v2\/product"}],"about":[{"href":"https:\/\/secureus.se\/fr\/wp-json\/wp\/v2\/types\/product"}],"wp:featuredmedia":[{"embeddable":true,"href":"https:\/\/secureus.se\/fr\/wp-json\/wp\/v2\/media\/133687"}],"wp:attachment":[{"href":"https:\/\/secureus.se\/fr\/wp-json\/wp\/v2\/media?parent=114981"}],"wp:term":[{"taxonomy":"product_brand","embeddable":true,"href":"https:\/\/secureus.se\/fr\/wp-json\/wp\/v2\/product_brand?post=114981"},{"taxonomy":"product_cat","embeddable":true,"href":"https:\/\/secureus.se\/fr\/wp-json\/wp\/v2\/product_cat?post=114981"},{"taxonomy":"product_tag","embeddable":true,"href":"https:\/\/secureus.se\/fr\/wp-json\/wp\/v2\/product_tag?post=114981"}],"curies":[{"name":"wp","href":"https:\/\/api.w.org\/{rel}","templated":true}]}}