{"id":114986,"date":"2024-11-20T14:02:48","date_gmt":"2024-11-20T13:02:48","guid":{"rendered":"https:\/\/secureus.se\/?post_type=product&#038;p=114986"},"modified":"2026-01-12T12:52:25","modified_gmt":"2026-01-12T11:52:25","slug":"combiboxx-1-3-a4","status":"publish","type":"product","link":"https:\/\/secureus.se\/fr\/combiboxx-1-3-a4\/","title":{"rendered":"COMBIBOXX 1\/3 A4"},"content":{"rendered":"<p>Combinez \u00e0 votre guise avec la s\u00e9rie COMBIBOXX extensible et multifonctionnelle. Ce compartiment est destin\u00e9 au format 1\/3 A4 ou A6 (format maximum 210\u00d7116 mm) comme les brochures commerciales, fiches produits et brochures de salons, expositions et r\u00e9ceptions. Selon la mani\u00e8re dont le dossier est mont\u00e9, le compartiment peut \u00eatre pos\u00e9 sur la table ou fix\u00e9 au mur. Le plateau a une capacit\u00e9 de paquets de 24 mm d&#039;\u00e9paisseur. L&#039;ensemble contient 1 compartiment, 2 pi\u00e8ces arri\u00e8re, 1 panneau avant, 1 rail adaptateur pour pouvoir combiner avec COMBIBOXX A4, des instructions de montage ainsi qu&#039;une vis et un bouchon.<br \/>\nDimensions comme support de table 20x12x12 cm HxLxP<br \/>\nDimensions comme support mural 21x12x11 cm HxLxP<\/p>","protected":false},"excerpt":{"rendered":"<p>Pr\u00e9sentoir \u00e0 brochures COMBIBOXX pour format 1\/3 A4 portrait ou A6. Peut \u00eatre utilis\u00e9 comme support de table ou mural. Extensible.<\/p>","protected":false},"featured_media":134793,"template":"","meta":{"_acf_changed":false},"product_brand":[],"product_cat":[4280],"product_tag":[4376],"class_list":{"0":"post-114986","1":"product","2":"type-product","3":"status-publish","4":"has-post-thumbnail","6":"product_cat-broschyrstall","7":"product_tag-transparent","8":"product_shipping_class-tunga-paket","9":"pa_brands-durable","10":"pa_farg-transparent","11":"tm-no-options","13":"first","14":"instock","15":"sale","16":"taxable","17":"shipping-taxable","18":"purchasable","19":"product-type-simple"},"acf":[],"_links":{"self":[{"href":"https:\/\/secureus.se\/fr\/wp-json\/wp\/v2\/product\/114986","targetHints":{"allow":["GET"]}}],"collection":[{"href":"https:\/\/secureus.se\/fr\/wp-json\/wp\/v2\/product"}],"about":[{"href":"https:\/\/secureus.se\/fr\/wp-json\/wp\/v2\/types\/product"}],"wp:featuredmedia":[{"embeddable":true,"href":"https:\/\/secureus.se\/fr\/wp-json\/wp\/v2\/media\/134793"}],"wp:attachment":[{"href":"https:\/\/secureus.se\/fr\/wp-json\/wp\/v2\/media?parent=114986"}],"wp:term":[{"taxonomy":"product_brand","embeddable":true,"href":"https:\/\/secureus.se\/fr\/wp-json\/wp\/v2\/product_brand?post=114986"},{"taxonomy":"product_cat","embeddable":true,"href":"https:\/\/secureus.se\/fr\/wp-json\/wp\/v2\/product_cat?post=114986"},{"taxonomy":"product_tag","embeddable":true,"href":"https:\/\/secureus.se\/fr\/wp-json\/wp\/v2\/product_tag?post=114986"}],"curies":[{"name":"wp","href":"https:\/\/api.w.org\/{rel}","templated":true}]}}