{"id":114999,"date":"2024-11-20T14:02:48","date_gmt":"2024-11-20T13:02:48","guid":{"rendered":"https:\/\/secureus.se\/?post_type=product&#038;p=114999"},"modified":"2026-01-12T12:52:14","modified_gmt":"2026-01-12T11:52:14","slug":"combiboxx-a4-set-l","status":"publish","type":"product","link":"https:\/\/secureus.se\/fr\/combiboxx-a4-set-l\/","title":{"rendered":"COMBIBOXX A4 JEU L"},"content":{"rendered":"<p>Combinez \u00e0 votre guise avec la s\u00e9rie COMBIBOXX extensible et multifonctionnelle. Cet ensemble \u00e0 3 compartiments est destin\u00e9 aux formats A4 portrait (format max 311\u00d7240 mm) tels que les plaquettes commerciales, les fiches produits et les brochures de salons, d&#039;expositions et de r\u00e9ceptions. Selon la mani\u00e8re dont le dossier est assembl\u00e9, l&#039;ensemble peut \u00eatre pos\u00e9 sur la table ou fix\u00e9 au mur. Chaque compartiment a une capacit\u00e9 de paquets de 24 mm d&#039;\u00e9paisseur. L&#039;ensemble contient 3 compartiments, 2 pi\u00e8ces arri\u00e8re, 1 panneau avant, des instructions de montage ainsi que des vis et des chevilles.<br \/>\nDimensions comme support de table 29x24x22 cm HxLxP<br \/>\nDimensions comme support mural 44,5x24x15 cmHxLxP<br \/>\nAccessoires : Compartiment d&#039;extension num\u00e9ro d&#039;article 857919<\/p>","protected":false},"excerpt":{"rendered":"<p>Pr\u00e9sentoir \u00e0 brochures COMBIBOXX pour format portrait A4. Ensemble compos\u00e9 de 3 compartiments pouvant servir de table ou de support mural. Extensible.<\/p>","protected":false},"featured_media":134781,"template":"","meta":{"_acf_changed":false},"product_brand":[],"product_cat":[4280],"product_tag":[4376],"class_list":{"0":"post-114999","1":"product","2":"type-product","3":"status-publish","4":"has-post-thumbnail","6":"product_cat-broschyrstall","7":"product_tag-transparent","8":"product_shipping_class-tunga-paket","9":"pa_brands-durable","10":"pa_farg-transparent","11":"tm-no-options","13":"first","14":"instock","15":"sale","16":"taxable","17":"shipping-taxable","18":"purchasable","19":"product-type-simple"},"acf":[],"_links":{"self":[{"href":"https:\/\/secureus.se\/fr\/wp-json\/wp\/v2\/product\/114999","targetHints":{"allow":["GET"]}}],"collection":[{"href":"https:\/\/secureus.se\/fr\/wp-json\/wp\/v2\/product"}],"about":[{"href":"https:\/\/secureus.se\/fr\/wp-json\/wp\/v2\/types\/product"}],"wp:featuredmedia":[{"embeddable":true,"href":"https:\/\/secureus.se\/fr\/wp-json\/wp\/v2\/media\/134781"}],"wp:attachment":[{"href":"https:\/\/secureus.se\/fr\/wp-json\/wp\/v2\/media?parent=114999"}],"wp:term":[{"taxonomy":"product_brand","embeddable":true,"href":"https:\/\/secureus.se\/fr\/wp-json\/wp\/v2\/product_brand?post=114999"},{"taxonomy":"product_cat","embeddable":true,"href":"https:\/\/secureus.se\/fr\/wp-json\/wp\/v2\/product_cat?post=114999"},{"taxonomy":"product_tag","embeddable":true,"href":"https:\/\/secureus.se\/fr\/wp-json\/wp\/v2\/product_tag?post=114999"}],"curies":[{"name":"wp","href":"https:\/\/api.w.org\/{rel}","templated":true}]}}