{"id":115022,"date":"2024-11-20T14:03:10","date_gmt":"2024-11-20T13:03:10","guid":{"rendered":"https:\/\/secureus.se\/?post_type=product&#038;p=115022"},"modified":"2026-01-12T12:51:59","modified_gmt":"2026-01-12T11:51:59","slug":"combiboxx-a4-staende-broschyrfack","status":"publish","type":"product","link":"https:\/\/secureus.se\/fr\/combiboxx-a4-staende-broschyrfack\/","title":{"rendered":"Bac \u00e0 brochures vertical COMBIBOXX A4"},"content":{"rendered":"<p>Combinez \u00e0 votre guise avec la s\u00e9rie COMBIBOXX extensible et multifonctionnelle. Ce compartiment est destin\u00e9 aux formats A4 portrait (format maximum 311\u00d7240 mm) tels que les plaquettes commerciales, les fiches produits et les brochures de salons, d&#039;expositions et de r\u00e9ceptions. Selon la mani\u00e8re dont le dossier est mont\u00e9, le compartiment peut \u00eatre pos\u00e9 sur la table ou fix\u00e9 au mur. Le plateau a une capacit\u00e9 de paquets de 24 mm d&#039;\u00e9paisseur. L&#039;ensemble contient 1 compartiment, 2 pi\u00e8ces arri\u00e8re, 1 panneau avant, des instructions de montage ainsi qu&#039;une vis et un bouchon.<br \/>\nDimensions comme support de table 29 x 24 x 16 cm (HxLxP)<br \/>\nDimensions comme support mural 30 x 24 x 15 cm (HxLxP)<br \/>\nAccessoires : Compartiment d&#039;extension num\u00e9ro d&#039;article 857919<\/p>","protected":false},"excerpt":{"rendered":"<p>Pr\u00e9sentoir \u00e0 brochures COMBIBOXX pour format portrait A4. Peut \u00eatre utilis\u00e9 comme support de table ou mural. Extensible.<\/p>","protected":false},"featured_media":134766,"template":"","meta":{"_acf_changed":false},"product_brand":[],"product_cat":[4280],"product_tag":[4376],"class_list":{"0":"post-115022","1":"product","2":"type-product","3":"status-publish","4":"has-post-thumbnail","6":"product_cat-broschyrstall","7":"product_tag-transparent","8":"product_shipping_class-tunga-paket","9":"pa_brands-durable","10":"pa_farg-transparent","11":"tm-no-options","13":"first","14":"instock","15":"sale","16":"taxable","17":"shipping-taxable","18":"purchasable","19":"product-type-simple"},"acf":[],"_links":{"self":[{"href":"https:\/\/secureus.se\/fr\/wp-json\/wp\/v2\/product\/115022","targetHints":{"allow":["GET"]}}],"collection":[{"href":"https:\/\/secureus.se\/fr\/wp-json\/wp\/v2\/product"}],"about":[{"href":"https:\/\/secureus.se\/fr\/wp-json\/wp\/v2\/types\/product"}],"wp:featuredmedia":[{"embeddable":true,"href":"https:\/\/secureus.se\/fr\/wp-json\/wp\/v2\/media\/134766"}],"wp:attachment":[{"href":"https:\/\/secureus.se\/fr\/wp-json\/wp\/v2\/media?parent=115022"}],"wp:term":[{"taxonomy":"product_brand","embeddable":true,"href":"https:\/\/secureus.se\/fr\/wp-json\/wp\/v2\/product_brand?post=115022"},{"taxonomy":"product_cat","embeddable":true,"href":"https:\/\/secureus.se\/fr\/wp-json\/wp\/v2\/product_cat?post=115022"},{"taxonomy":"product_tag","embeddable":true,"href":"https:\/\/secureus.se\/fr\/wp-json\/wp\/v2\/product_tag?post=115022"}],"curies":[{"name":"wp","href":"https:\/\/api.w.org\/{rel}","templated":true}]}}