{"id":115035,"date":"2024-11-20T14:03:10","date_gmt":"2024-11-20T13:03:10","guid":{"rendered":"https:\/\/secureus.se\/?post_type=product&#038;p=115035"},"modified":"2026-01-12T12:52:17","modified_gmt":"2026-01-12T11:52:17","slug":"combiboxx-a4-utbyggnadsdel","status":"publish","type":"product","link":"https:\/\/secureus.se\/fr\/combiboxx-a4-utbyggnadsdel\/","title":{"rendered":"Rallonge COMBIBOXX A4"},"content":{"rendered":"<p>Combinez \u00e0 votre guise avec la s\u00e9rie COMBIBOXX extensible et multifonctionnelle. Ce compartiment est destin\u00e9 aux formats A4 portrait (format maximum 311\u00d7240 mm) tels que les plaquettes commerciales, les fiches produits et les brochures de salons, expositions et r\u00e9ceptions. Utilisez ce bac pour le format portrait A4 pour \u00e9tendre les ensembles existants dot\u00e9s de panneaux avant et de panneaux arri\u00e8re. Le plateau a une capacit\u00e9 de paquets de 24 mm d&#039;\u00e9paisseur. Dimensions : 32 x 24 x 3,5 cm HxLxP<\/p>","protected":false},"excerpt":{"rendered":"<p>Pi\u00e8ce d&#039;extension pour l&#039;extension du bac \u00e0 brochures COMBIBOXX A4 format portrait. <\/p>","protected":false},"featured_media":134761,"template":"","meta":{"_acf_changed":false},"product_brand":[],"product_cat":[4280],"product_tag":[4376],"class_list":{"0":"post-115035","1":"product","2":"type-product","3":"status-publish","4":"has-post-thumbnail","6":"product_cat-broschyrstall","7":"product_tag-transparent","8":"product_shipping_class-tunga-paket","9":"pa_brands-durable","10":"pa_farg-transparent","11":"tm-no-options","13":"first","14":"instock","15":"sale","16":"taxable","17":"shipping-taxable","18":"purchasable","19":"product-type-simple"},"acf":[],"_links":{"self":[{"href":"https:\/\/secureus.se\/fr\/wp-json\/wp\/v2\/product\/115035","targetHints":{"allow":["GET"]}}],"collection":[{"href":"https:\/\/secureus.se\/fr\/wp-json\/wp\/v2\/product"}],"about":[{"href":"https:\/\/secureus.se\/fr\/wp-json\/wp\/v2\/types\/product"}],"wp:featuredmedia":[{"embeddable":true,"href":"https:\/\/secureus.se\/fr\/wp-json\/wp\/v2\/media\/134761"}],"wp:attachment":[{"href":"https:\/\/secureus.se\/fr\/wp-json\/wp\/v2\/media?parent=115035"}],"wp:term":[{"taxonomy":"product_brand","embeddable":true,"href":"https:\/\/secureus.se\/fr\/wp-json\/wp\/v2\/product_brand?post=115035"},{"taxonomy":"product_cat","embeddable":true,"href":"https:\/\/secureus.se\/fr\/wp-json\/wp\/v2\/product_cat?post=115035"},{"taxonomy":"product_tag","embeddable":true,"href":"https:\/\/secureus.se\/fr\/wp-json\/wp\/v2\/product_tag?post=115035"}],"curies":[{"name":"wp","href":"https:\/\/api.w.org\/{rel}","templated":true}]}}