{"id":115036,"date":"2024-11-20T14:41:22","date_gmt":"2024-11-20T13:41:22","guid":{"rendered":"https:\/\/secureus.se\/?post_type=product&#038;p=115036"},"modified":"2026-01-12T12:28:58","modified_gmt":"2026-01-12T11:28:58","slug":"magnetram-duraframe-magnetic-note-a4-2","status":"publish","type":"product","link":"https:\/\/secureus.se\/fr\/magnetram-duraframe-magnetic-note-a4-2\/","title":{"rendered":"Cadre magn\u00e9tique DURAFRAME\u00ae MAGNETIC NOTE A4"},"content":{"rendered":"<p>Utilisez le cadre d&#039;information magn\u00e9tiquement adh\u00e9sif DURAFRAME\u00ae MAGNETIC NOTE pour, par exemple, les listes de contr\u00f4le o\u00f9 des notes doivent \u00eatre prises directement sur le papier.<br \/>\nFacile \u00e0 ins\u00e9rer ou \u00e0 modifier des messages en soulevant le devant avec fermeture magn\u00e9tique sur les trois c\u00f4t\u00e9s ouvrables. Le dos de la feuille de plastique inf\u00e9rieure comporte des bandes magn\u00e9tiques tout autour du cadre \u00e0 placer, par exemple, sur des tableaux blancs, des casiers et des murs m\u00e9talliques.<br \/>\nPeut contenir jusqu&#039;\u00e0 5 feuilles A4 de 80 gr telles que des plannings de nettoyage, des listes d&#039;enregistrement ou des contr\u00f4les d&#039;entretien o\u00f9 vous devez prendre des notes directement sur la feuille. Porte-stylo d&#039;un c\u00f4t\u00e9.<br \/>\nEmballage avec 1 pc.<\/p>","protected":false},"excerpt":{"rendered":"<p>Cadre magn\u00e9tique pour notes directement sur le papier. \u00c0 utiliser sur des surfaces m\u00e9talliques.<\/p>","protected":false},"featured_media":133592,"template":"","meta":{"_acf_changed":false},"product_brand":[],"product_cat":[4295],"product_tag":[4381],"class_list":{"0":"post-115036","1":"product","2":"type-product","3":"status-publish","4":"has-post-thumbnail","6":"product_cat-inforamar-for-metallytor","7":"product_tag-svart","8":"product_shipping_class-tunga-paket","9":"pa_brands-durable","10":"pa_farg-svart","11":"tm-no-options","13":"first","14":"instock","15":"sale","16":"taxable","17":"shipping-taxable","18":"purchasable","19":"product-type-simple"},"acf":[],"_links":{"self":[{"href":"https:\/\/secureus.se\/fr\/wp-json\/wp\/v2\/product\/115036","targetHints":{"allow":["GET"]}}],"collection":[{"href":"https:\/\/secureus.se\/fr\/wp-json\/wp\/v2\/product"}],"about":[{"href":"https:\/\/secureus.se\/fr\/wp-json\/wp\/v2\/types\/product"}],"wp:featuredmedia":[{"embeddable":true,"href":"https:\/\/secureus.se\/fr\/wp-json\/wp\/v2\/media\/133592"}],"wp:attachment":[{"href":"https:\/\/secureus.se\/fr\/wp-json\/wp\/v2\/media?parent=115036"}],"wp:term":[{"taxonomy":"product_brand","embeddable":true,"href":"https:\/\/secureus.se\/fr\/wp-json\/wp\/v2\/product_brand?post=115036"},{"taxonomy":"product_cat","embeddable":true,"href":"https:\/\/secureus.se\/fr\/wp-json\/wp\/v2\/product_cat?post=115036"},{"taxonomy":"product_tag","embeddable":true,"href":"https:\/\/secureus.se\/fr\/wp-json\/wp\/v2\/product_tag?post=115036"}],"curies":[{"name":"wp","href":"https:\/\/api.w.org\/{rel}","templated":true}]}}