{"id":115050,"date":"2024-11-20T14:41:22","date_gmt":"2024-11-20T13:41:22","guid":{"rendered":"https:\/\/secureus.se\/?post_type=product&#038;p=115050"},"modified":"2026-01-12T12:28:42","modified_gmt":"2026-01-12T11:28:42","slug":"magnetram-duraframe-magnetic-plus-a4-2","status":"publish","type":"product","link":"https:\/\/secureus.se\/fr\/magnetram-duraframe-magnetic-plus-a4-2\/","title":{"rendered":"Cadre magn\u00e9tique DURAFRAME\u00ae MAGNETIC PLUS A4"},"content":{"rendered":"<p>Utilisez le cadre d&#039;information magn\u00e9tiquement adh\u00e9sif DURAFRAME\u00ae MAGNETIC PLUS pour afficher et pr\u00e9senter des informations temporaires ou plus permanentes de mani\u00e8re professionnelle.<br \/>\nLe document est prot\u00e9g\u00e9 entre deux feuilles de plastique maintenues ensemble par une fermeture magn\u00e9tique sur les trois c\u00f4t\u00e9s ouvrants. Bon, entre autres, dans les environnements de production, de cuisine et sanitaires. Modification facile des informations : soulevez la premi\u00e8re page, changez l&#039;encart, repliez la page. L&#039;arri\u00e8re de la feuille de plastique inf\u00e9rieure comporte des bandes magn\u00e9tiques autour de l&#039;ensemble du cadre, qui se fixent aux supports tels que les tableaux blancs, les armoires \u00e0 langer et les murs m\u00e9talliques.<br \/>\nPour les documents au format A4. Dimensions ext\u00e9rieures 236\u00d7323 mm.<br \/>\nEmballage avec 1 pc.<\/p>","protected":false},"excerpt":{"rendered":"<p>Cadre magn\u00e9tique pour afficher les informations de mani\u00e8re ordonn\u00e9e. Le document est prot\u00e9g\u00e9 entre deux feuilles de plastique et est ici facile \u00e0 remplacer.<\/p>","protected":false},"featured_media":133587,"template":"","meta":{"_acf_changed":false},"product_brand":[],"product_cat":[4295],"product_tag":[4382],"class_list":{"0":"post-115050","1":"product","2":"type-product","3":"status-publish","4":"has-post-thumbnail","6":"product_cat-inforamar-for-metallytor","7":"product_tag-silver","8":"product_shipping_class-tunga-paket","9":"pa_brands-durable","10":"pa_farg-silver","11":"tm-no-options","13":"first","14":"instock","15":"sale","16":"taxable","17":"shipping-taxable","18":"purchasable","19":"product-type-simple"},"acf":[],"_links":{"self":[{"href":"https:\/\/secureus.se\/fr\/wp-json\/wp\/v2\/product\/115050","targetHints":{"allow":["GET"]}}],"collection":[{"href":"https:\/\/secureus.se\/fr\/wp-json\/wp\/v2\/product"}],"about":[{"href":"https:\/\/secureus.se\/fr\/wp-json\/wp\/v2\/types\/product"}],"wp:featuredmedia":[{"embeddable":true,"href":"https:\/\/secureus.se\/fr\/wp-json\/wp\/v2\/media\/133587"}],"wp:attachment":[{"href":"https:\/\/secureus.se\/fr\/wp-json\/wp\/v2\/media?parent=115050"}],"wp:term":[{"taxonomy":"product_brand","embeddable":true,"href":"https:\/\/secureus.se\/fr\/wp-json\/wp\/v2\/product_brand?post=115050"},{"taxonomy":"product_cat","embeddable":true,"href":"https:\/\/secureus.se\/fr\/wp-json\/wp\/v2\/product_cat?post=115050"},{"taxonomy":"product_tag","embeddable":true,"href":"https:\/\/secureus.se\/fr\/wp-json\/wp\/v2\/product_tag?post=115050"}],"curies":[{"name":"wp","href":"https:\/\/api.w.org\/{rel}","templated":true}]}}