{"id":115056,"date":"2024-11-20T13:57:46","date_gmt":"2024-11-20T12:57:46","guid":{"rendered":"https:\/\/secureus.se\/?post_type=product&#038;p=115056"},"modified":"2026-01-12T12:24:06","modified_gmt":"2026-01-12T11:24:06","slug":"dorrskylt-info-sign-149x1485","status":"publish","type":"product","link":"https:\/\/secureus.se\/fr\/dorrskylt-info-sign-149x1485\/","title":{"rendered":"Plaque de porte INFO SIGN 149\u00d7148,5"},"content":{"rendered":"<p>Des panneaux de porte et muraux \u00e9l\u00e9gants dans diff\u00e9rents designs aident les visiteurs \u00e0 s&#039;orienter et \u00e0 indiquer qui, quel service, fonction ou salle de conf\u00e9rence se trouve dans les locaux. La s\u00e9rie de panneaux INFO SIGN est dot\u00e9e d&#039;un dos et de bandes de bord en aluminium. La feuille blanche avec le texte est prot\u00e9g\u00e9e derri\u00e8re le panneau avant non r\u00e9fl\u00e9chissant qui se glisse dans les bandes lat\u00e9rales et est maintenue en place par deux supports noirs. Un gabarit pour percer des trous, des instructions d&#039;installation, une plaque d&#039;insertion blanche, une vis, un bouchon et des patins de fixation sont inclus. Concevez ce petit panneau (149\u00d7149) \u00e0 l&#039;aide du programme gratuit DURAPRINT\u00ae disponible sur www.duraprint.se. Imprimez sur des feuilles A4 avec 2 \u00e9tiquettes par feuille, qui sont command\u00e9es s\u00e9par\u00e9ment.<br \/>\nAccessoires : Feuille A4 pour impression avec une imprimante laser, num\u00e9ro d&#039;article 485202. <\/p>","protected":false},"excerpt":{"rendered":"<p>Plaque de porte \u00e9l\u00e9gante au format 149x149mm. Fabriqu\u00e9 en aluminium avec panneau avant non r\u00e9fl\u00e9chissant en plastique acrylique.<\/p>","protected":false},"featured_media":134730,"template":"","meta":{"_acf_changed":false},"product_brand":[],"product_cat":[4265],"product_tag":[4382],"class_list":{"0":"post-115056","1":"product","2":"type-product","3":"status-publish","4":"has-post-thumbnail","6":"product_cat-dorrskyltar-i-alumunium","7":"product_tag-silver","8":"product_shipping_class-tunga-paket","9":"pa_brands-durable","10":"pa_farg-silver","11":"tm-no-options","13":"first","14":"instock","15":"sale","16":"taxable","17":"shipping-taxable","18":"purchasable","19":"product-type-simple"},"acf":[],"_links":{"self":[{"href":"https:\/\/secureus.se\/fr\/wp-json\/wp\/v2\/product\/115056","targetHints":{"allow":["GET"]}}],"collection":[{"href":"https:\/\/secureus.se\/fr\/wp-json\/wp\/v2\/product"}],"about":[{"href":"https:\/\/secureus.se\/fr\/wp-json\/wp\/v2\/types\/product"}],"wp:featuredmedia":[{"embeddable":true,"href":"https:\/\/secureus.se\/fr\/wp-json\/wp\/v2\/media\/134730"}],"wp:attachment":[{"href":"https:\/\/secureus.se\/fr\/wp-json\/wp\/v2\/media?parent=115056"}],"wp:term":[{"taxonomy":"product_brand","embeddable":true,"href":"https:\/\/secureus.se\/fr\/wp-json\/wp\/v2\/product_brand?post=115056"},{"taxonomy":"product_cat","embeddable":true,"href":"https:\/\/secureus.se\/fr\/wp-json\/wp\/v2\/product_cat?post=115056"},{"taxonomy":"product_tag","embeddable":true,"href":"https:\/\/secureus.se\/fr\/wp-json\/wp\/v2\/product_tag?post=115056"}],"curies":[{"name":"wp","href":"https:\/\/api.w.org\/{rel}","templated":true}]}}