{"id":115076,"date":"2024-11-20T13:55:21","date_gmt":"2024-11-20T12:55:21","guid":{"rendered":"https:\/\/secureus.se\/?post_type=product&#038;p=115076"},"modified":"2026-01-12T12:25:07","modified_gmt":"2026-01-12T11:25:07","slug":"dorrskylt-crystal-sign-105x105","status":"publish","type":"product","link":"https:\/\/secureus.se\/fr\/dorrskylt-crystal-sign-105x105\/","title":{"rendered":"Plaque de porte CRYSTAL SIGN 105\u00d7105"},"content":{"rendered":"<p>Des panneaux de porte et muraux \u00e9l\u00e9gants dans diff\u00e9rents designs aident les visiteurs \u00e0 s&#039;orienter et \u00e0 indiquer qui, quel service, fonction ou salle de conf\u00e9rence se trouve dans les locaux. La s\u00e9rie de panneaux CRYSTAL SIGN se compose de 2 plaques acryliques avec une feuille d&#039;insertion givr\u00e9e entre pour le texte et le tout est maintenu ensemble par des vis d\u00e9coratives. Le panneau est viss\u00e9 \u00e0 l&#039;aide d&#039;une entretoise m\u00e9tallique, ce qui signifie que le panneau se trouve \u00e0 3 cm du mur. Gabarit de per\u00e7age, instructions de montage, 2 feuilles d&#039;insertion givr\u00e9es ainsi que vis et cheville incluses. Concevez le panneau \u00e0 l&#039;aide du programme gratuit DURAPRINT\u00ae disponible sur www.duraprint.se. et imprimez avec une imprimante laser sur la feuille intercalaire d\u00e9polie au format 105\u00d7105 mm.<br \/>\nAccessoires : Recharge de feuilles d&#039;insertion givr\u00e9es num\u00e9ro d&#039;article 483019   <\/p>","protected":false},"excerpt":{"rendered":"<p>Plaque de porte \u00e9l\u00e9gante et discr\u00e8te en plastique acrylique au format 105x105mm. <\/p>","protected":false},"featured_media":135164,"template":"","meta":{"_acf_changed":false},"product_brand":[],"product_cat":[4264],"product_tag":[4376],"class_list":{"0":"post-115076","1":"product","2":"type-product","3":"status-publish","4":"has-post-thumbnail","6":"product_cat-dorrskyltar-i-akryl","7":"product_tag-transparent","8":"product_shipping_class-tunga-paket","9":"pa_brands-durable","10":"pa_farg-transparent","11":"tm-no-options","13":"first","14":"instock","15":"sale","16":"taxable","17":"shipping-taxable","18":"purchasable","19":"product-type-simple"},"acf":[],"_links":{"self":[{"href":"https:\/\/secureus.se\/fr\/wp-json\/wp\/v2\/product\/115076","targetHints":{"allow":["GET"]}}],"collection":[{"href":"https:\/\/secureus.se\/fr\/wp-json\/wp\/v2\/product"}],"about":[{"href":"https:\/\/secureus.se\/fr\/wp-json\/wp\/v2\/types\/product"}],"wp:featuredmedia":[{"embeddable":true,"href":"https:\/\/secureus.se\/fr\/wp-json\/wp\/v2\/media\/135164"}],"wp:attachment":[{"href":"https:\/\/secureus.se\/fr\/wp-json\/wp\/v2\/media?parent=115076"}],"wp:term":[{"taxonomy":"product_brand","embeddable":true,"href":"https:\/\/secureus.se\/fr\/wp-json\/wp\/v2\/product_brand?post=115076"},{"taxonomy":"product_cat","embeddable":true,"href":"https:\/\/secureus.se\/fr\/wp-json\/wp\/v2\/product_cat?post=115076"},{"taxonomy":"product_tag","embeddable":true,"href":"https:\/\/secureus.se\/fr\/wp-json\/wp\/v2\/product_tag?post=115076"}],"curies":[{"name":"wp","href":"https:\/\/api.w.org\/{rel}","templated":true}]}}