{"id":115101,"date":"2024-11-20T14:07:55","date_gmt":"2024-11-20T13:07:55","guid":{"rendered":"https:\/\/secureus.se\/?post_type=product&#038;p=115101"},"modified":"2026-01-12T12:57:11","modified_gmt":"2026-01-12T11:57:11","slug":"flexiboxx-a4-staende-utbyggnadfack-3","status":"publish","type":"product","link":"https:\/\/secureus.se\/fr\/flexiboxx-a4-staende-utbyggnadfack-3\/","title":{"rendered":"Compartiment d&#039;extension vertical FLEXIBOXX A4"},"content":{"rendered":"<p>Compartiment \u00e0 formulaires, porte-brochures, bo\u00eete aux lettres - FLEXIBOXX est une s\u00e9rie de supports peu encombrants, flexibles et muraux pour brochures, magazines, formulaires et autres informations au format A4. Chaque compartiment a une capacit\u00e9 de paquets de 24 mm d&#039;\u00e9paisseur. Ce compartiment unique au format vertical peut \u00eatre utilis\u00e9 pour \u00e9tendre des ensembles o\u00f9 vous disposez d\u00e9j\u00e0 de la fa\u00e7ade. Les dimensions du compartiment sont de 24x34x3 cm (LxHxP) et mont\u00e9 en angle par rapport au mur, il mesure 1,35 cm.<br \/>\nAccessoires : Plaque frontale transparente num\u00e9ro d&#039;article 1701498400<\/p>","protected":false},"excerpt":{"rendered":"<p>Compartiment d&#039;extension pour agrandir le compartiment \u00e0 brochures FLEXIBOXX format portrait A4.<\/p>","protected":false},"featured_media":133857,"template":"","meta":{"_acf_changed":false},"product_brand":[],"product_cat":[4280],"product_tag":[4376],"class_list":{"0":"post-115101","1":"product","2":"type-product","3":"status-publish","4":"has-post-thumbnail","6":"product_cat-broschyrstall","7":"product_tag-transparent","8":"product_shipping_class-tunga-paket","9":"pa_brands-durable","10":"pa_farg-transparent","11":"tm-no-options","13":"first","14":"instock","15":"sale","16":"taxable","17":"shipping-taxable","18":"purchasable","19":"product-type-simple"},"acf":[],"_links":{"self":[{"href":"https:\/\/secureus.se\/fr\/wp-json\/wp\/v2\/product\/115101","targetHints":{"allow":["GET"]}}],"collection":[{"href":"https:\/\/secureus.se\/fr\/wp-json\/wp\/v2\/product"}],"about":[{"href":"https:\/\/secureus.se\/fr\/wp-json\/wp\/v2\/types\/product"}],"wp:featuredmedia":[{"embeddable":true,"href":"https:\/\/secureus.se\/fr\/wp-json\/wp\/v2\/media\/133857"}],"wp:attachment":[{"href":"https:\/\/secureus.se\/fr\/wp-json\/wp\/v2\/media?parent=115101"}],"wp:term":[{"taxonomy":"product_brand","embeddable":true,"href":"https:\/\/secureus.se\/fr\/wp-json\/wp\/v2\/product_brand?post=115101"},{"taxonomy":"product_cat","embeddable":true,"href":"https:\/\/secureus.se\/fr\/wp-json\/wp\/v2\/product_cat?post=115101"},{"taxonomy":"product_tag","embeddable":true,"href":"https:\/\/secureus.se\/fr\/wp-json\/wp\/v2\/product_tag?post=115101"}],"curies":[{"name":"wp","href":"https:\/\/api.w.org\/{rel}","templated":true}]}}