{"id":115106,"date":"2024-11-20T13:58:42","date_gmt":"2024-11-20T12:58:42","guid":{"rendered":"https:\/\/secureus.se\/?post_type=product&#038;p=115106"},"modified":"2026-01-12T12:57:45","modified_gmt":"2026-01-12T11:57:45","slug":"inforam-sjalvhaftande-duraframe-security-a4-2","status":"publish","type":"product","link":"https:\/\/secureus.se\/fr\/inforam-sjalvhaftande-duraframe-security-a4-2\/","title":{"rendered":"Infoframe autocollant DURAFRAME\u00ae SECURITY A4"},"content":{"rendered":"<p>Affichez des informations de s\u00e9curit\u00e9 et d&#039;avertissement temporaires ou plus permanentes de mani\u00e8re professionnelle, rapide et simple gr\u00e2ce aux cadres d&#039;information autocollants DURAFRAME\u00ae SECURITY. Retirez le papier de protection - collez le Duraframe - soulevez la fa\u00e7ade avec la fermeture magn\u00e9tique - mettez une ou deux feuilles - rabattez la fa\u00e7ade - c&#039;est pr\u00eat ! Facile \u00e0 installer \u2013 sans outils ni autres accessoires \u2013 sur des surfaces fermes et lisses. Manipulation propre et plus facile que, par exemple, du ruban adh\u00e9sif, des agrafes ou des agrafes. L&#039;insert reste solidement en place en position portrait et paysage gr\u00e2ce aux aimants sur les 3 c\u00f4t\u00e9s ouvrables. Le cadre est identique \u00e0 l\u2019avant et \u00e0 l\u2019arri\u00e8re, ce qui est id\u00e9al lorsqu\u2019il est plac\u00e9 sur des vitres pour un message recto-verso. Il est amovible des vitres. Les surfaces peintes, enduites ou stratifi\u00e9es peuvent \u00eatre endommag\u00e9es si le cadre est retir\u00e9.<br \/>\nPour les documents au format A4. Dimensions ext\u00e9rieures 236\u00d7323 mm. Les couleurs rouge\/blanc signalent des informations de protection incendie conform\u00e9ment \u00e0 la norme ISO 3864-4 pour les couleurs de s\u00e9curit\u00e9.<br \/>\nEmballage avec 2 pcs.<\/p>","protected":false},"excerpt":{"rendered":"<p>Cadre d&#039;information autocollant pour afficher de mani\u00e8re soign\u00e9e les informations de s\u00e9curit\u00e9 importantes, les avis et les avertissements. Devant avec fermeture magn\u00e9tique pour un \u00e9change facile des inserts. <\/p>","protected":false},"featured_media":134681,"template":"","meta":{"_acf_changed":false},"product_brand":[],"product_cat":[4296],"product_tag":[4386],"class_list":{"0":"post-115106","1":"product","2":"type-product","3":"status-publish","4":"has-post-thumbnail","6":"product_cat-inforamar-for-slata-ytor","7":"product_tag-gul-svart","8":"product_shipping_class-tunga-paket","9":"pa_brands-durable","10":"pa_farg-gul-svart","11":"tm-no-options","13":"first","14":"instock","15":"sale","16":"taxable","17":"shipping-taxable","18":"purchasable","19":"product-type-simple"},"acf":[],"_links":{"self":[{"href":"https:\/\/secureus.se\/fr\/wp-json\/wp\/v2\/product\/115106","targetHints":{"allow":["GET"]}}],"collection":[{"href":"https:\/\/secureus.se\/fr\/wp-json\/wp\/v2\/product"}],"about":[{"href":"https:\/\/secureus.se\/fr\/wp-json\/wp\/v2\/types\/product"}],"wp:featuredmedia":[{"embeddable":true,"href":"https:\/\/secureus.se\/fr\/wp-json\/wp\/v2\/media\/134681"}],"wp:attachment":[{"href":"https:\/\/secureus.se\/fr\/wp-json\/wp\/v2\/media?parent=115106"}],"wp:term":[{"taxonomy":"product_brand","embeddable":true,"href":"https:\/\/secureus.se\/fr\/wp-json\/wp\/v2\/product_brand?post=115106"},{"taxonomy":"product_cat","embeddable":true,"href":"https:\/\/secureus.se\/fr\/wp-json\/wp\/v2\/product_cat?post=115106"},{"taxonomy":"product_tag","embeddable":true,"href":"https:\/\/secureus.se\/fr\/wp-json\/wp\/v2\/product_tag?post=115106"}],"curies":[{"name":"wp","href":"https:\/\/api.w.org\/{rel}","templated":true}]}}