{"id":115135,"date":"2024-11-20T14:00:17","date_gmt":"2024-11-20T13:00:17","guid":{"rendered":"https:\/\/secureus.se\/?post_type=product&#038;p=115135"},"modified":"2026-01-12T12:26:06","modified_gmt":"2026-01-12T11:26:06","slug":"inforam-duraframe-sun-a3","status":"publish","type":"product","link":"https:\/\/secureus.se\/fr\/inforam-duraframe-sun-a3\/","title":{"rendered":"Cadre d&#039;information DURAFRAME\u00ae SUN A3"},"content":{"rendered":"<p>Utilisez les cadres d&#039;information DURAFRAME\u00ae SUN pour afficher et pr\u00e9senter de mani\u00e8re professionnelle des offres promotionnelles, des heures d&#039;ouverture, de la publicit\u00e9, etc. dans des vitrines expos\u00e9es au soleil.<br \/>\nFacile \u00e0 ins\u00e9rer ou \u00e0 modifier des messages en soulevant le devant avec fermeture magn\u00e9tique. Facile \u00e0 installer : il suffit de vaporiser un peu d&#039;eau m\u00e9lang\u00e9e \u00e0 une goutte de liquide vaisselle sur le dos et le cadre collera de mani\u00e8re statique \u00e0 la surface du verre. Plus joli que le ruban adh\u00e9sif ! Peut \u00eatre utilis\u00e9 plusieurs fois et ne laisse aucune trace.<br \/>\nLe cadre est identique \u00e0 l\u2019avant et \u00e0 l\u2019arri\u00e8re.<br \/>\nR\u00e9sistant \u00e0 la chaleur jusqu&#039;\u00e0 70\u00b0 et stable aux UV jusqu&#039;\u00e0 2 ans.<br \/>\nPour les documents au format A3. Dimensions ext\u00e9rieures 323\u00d7446 mm.<br \/>\nEmballage avec 2 pcs.<\/p>","protected":false},"excerpt":{"rendered":"<p>Cadre d&#039;information qui se fixe statiquement aux vitres. Pour diff\u00e9rents types d&#039;informations au format A3 expos\u00e9es au soleil. Stable aux UV et r\u00e9sistant \u00e0 la chaleur.<\/p>","protected":false},"featured_media":134973,"template":"","meta":{"_acf_changed":false},"product_brand":[],"product_cat":[4294],"product_tag":[4381],"class_list":{"0":"post-115135","1":"product","2":"type-product","3":"status-publish","4":"has-post-thumbnail","6":"product_cat-inforamar-for-solexponerade-ytor","7":"product_tag-svart","8":"product_shipping_class-tunga-paket","9":"pa_brands-durable","10":"pa_farg-svart","11":"tm-no-options","13":"first","14":"instock","15":"sale","16":"taxable","17":"shipping-taxable","18":"purchasable","19":"product-type-simple"},"acf":[],"_links":{"self":[{"href":"https:\/\/secureus.se\/fr\/wp-json\/wp\/v2\/product\/115135","targetHints":{"allow":["GET"]}}],"collection":[{"href":"https:\/\/secureus.se\/fr\/wp-json\/wp\/v2\/product"}],"about":[{"href":"https:\/\/secureus.se\/fr\/wp-json\/wp\/v2\/types\/product"}],"wp:featuredmedia":[{"embeddable":true,"href":"https:\/\/secureus.se\/fr\/wp-json\/wp\/v2\/media\/134973"}],"wp:attachment":[{"href":"https:\/\/secureus.se\/fr\/wp-json\/wp\/v2\/media?parent=115135"}],"wp:term":[{"taxonomy":"product_brand","embeddable":true,"href":"https:\/\/secureus.se\/fr\/wp-json\/wp\/v2\/product_brand?post=115135"},{"taxonomy":"product_cat","embeddable":true,"href":"https:\/\/secureus.se\/fr\/wp-json\/wp\/v2\/product_cat?post=115135"},{"taxonomy":"product_tag","embeddable":true,"href":"https:\/\/secureus.se\/fr\/wp-json\/wp\/v2\/product_tag?post=115135"}],"curies":[{"name":"wp","href":"https:\/\/api.w.org\/{rel}","templated":true}]}}