{"id":115141,"date":"2024-11-20T14:07:56","date_gmt":"2024-11-20T13:07:56","guid":{"rendered":"https:\/\/secureus.se\/?post_type=product&#038;p=115141"},"modified":"2026-01-12T12:57:11","modified_gmt":"2026-01-12T11:57:11","slug":"flexiplus-6-a4-staende-brochyrfack-3","status":"publish","type":"product","link":"https:\/\/secureus.se\/fr\/flexiplus-6-a4-staende-brochyrfack-3\/","title":{"rendered":"Bac \u00e0 brochures sur pied FLEXIPLUS 6 A4"},"content":{"rendered":"<p>Bacs \u00e0 formulaires, porte-brochures, corbeilles \u00e0 courrier - FLEXIPLUS est une s\u00e9rie de supports peu encombrants, flexibles et muraux pour brochures, magazines, formulaires et autres informations au format A4. Chaque compartiment a une capacit\u00e9 de paquets de 24 mm d&#039;\u00e9paisseur. Il s&#039;agit d&#039;un ensemble complet de 6 compartiments au format vertical o\u00f9 les compartiments peuvent \u00eatre assembl\u00e9s ensemble ou utilis\u00e9s s\u00e9par\u00e9ment. Un jeu de vis et de chevilles est inclus. Chaque compartiment mesure 25\u00d727,5\u00d73,5 cm (LxHxP). Mont\u00e9 en angle par rapport au mur, il mesure 10 cm, a une largeur de 25 cm et mesure 74,5 cm de haut lorsque les 6 compartiments sont assembl\u00e9s. Peut \u00eatre construit avec plus de compartiments selon les besoins en accrochant les compartiments les uns apr\u00e8s les autres.<br \/>\nAccessoires : Plus de compartiments dans un lot de 2, num\u00e9ro d&#039;article 1709008400<\/p>","protected":false},"excerpt":{"rendered":"<p>Set complet de 6 plateaux livrets FLEXIPLUS A4 au format portrait.<\/p>","protected":false},"featured_media":133844,"template":"","meta":{"_acf_changed":false},"product_brand":[],"product_cat":[4280],"product_tag":[4376],"class_list":{"0":"post-115141","1":"product","2":"type-product","3":"status-publish","4":"has-post-thumbnail","6":"product_cat-broschyrstall","7":"product_tag-transparent","8":"product_shipping_class-tunga-paket","9":"pa_brands-durable","10":"pa_farg-transparent","11":"tm-no-options","13":"first","14":"instock","15":"sale","16":"taxable","17":"shipping-taxable","18":"purchasable","19":"product-type-simple"},"acf":[],"_links":{"self":[{"href":"https:\/\/secureus.se\/fr\/wp-json\/wp\/v2\/product\/115141","targetHints":{"allow":["GET"]}}],"collection":[{"href":"https:\/\/secureus.se\/fr\/wp-json\/wp\/v2\/product"}],"about":[{"href":"https:\/\/secureus.se\/fr\/wp-json\/wp\/v2\/types\/product"}],"wp:featuredmedia":[{"embeddable":true,"href":"https:\/\/secureus.se\/fr\/wp-json\/wp\/v2\/media\/133844"}],"wp:attachment":[{"href":"https:\/\/secureus.se\/fr\/wp-json\/wp\/v2\/media?parent=115141"}],"wp:term":[{"taxonomy":"product_brand","embeddable":true,"href":"https:\/\/secureus.se\/fr\/wp-json\/wp\/v2\/product_brand?post=115141"},{"taxonomy":"product_cat","embeddable":true,"href":"https:\/\/secureus.se\/fr\/wp-json\/wp\/v2\/product_cat?post=115141"},{"taxonomy":"product_tag","embeddable":true,"href":"https:\/\/secureus.se\/fr\/wp-json\/wp\/v2\/product_tag?post=115141"}],"curies":[{"name":"wp","href":"https:\/\/api.w.org\/{rel}","templated":true}]}}