{"id":115143,"date":"2024-11-20T14:00:49","date_gmt":"2024-11-20T13:00:49","guid":{"rendered":"https:\/\/secureus.se\/?post_type=product&#038;p=115143"},"modified":"2026-03-11T14:41:37","modified_gmt":"2026-03-11T13:41:37","slug":"dorrskylt-info-sign-297x420-a3-staende","status":"publish","type":"product","link":"https:\/\/secureus.se\/fr\/dorrskylt-info-sign-297x420-a3-staende\/","title":{"rendered":"Plaque de porte INFO SIGN 297\u00d7420 (A3 portrait)"},"content":{"rendered":"<p>Des panneaux de porte et muraux \u00e9l\u00e9gants, disponibles en diff\u00e9rents mod\u00e8les, aident les visiteurs \u00e0 s&#039;orienter et les informent sur l&#039;emplacement des personnes, des services, des salles de r\u00e9union ou des salles de conf\u00e9rence dans les locaux. La gamme de panneaux INFO SIGN est compos\u00e9e d&#039;un dos et de bandes de chant en aluminium. La feuille blanche avec texte est prot\u00e9g\u00e9e par le panneau avant non r\u00e9fl\u00e9chissant, qui est ins\u00e9r\u00e9 dans les bandes de chant et maintenu en place par deux supports noirs. Un gabarit de per\u00e7age, une notice de montage, un panneau d&#039;insertion blanc, des vis, des chevilles et des supports de fixation sont inclus. Cr\u00e9ez ce panneau vertical A3 (297 \u00d7 420) gr\u00e2ce au logiciel gratuit DURAPRINT\u00ae disponible sur www.duraprint.se. .<\/p>","protected":false},"excerpt":{"rendered":"<p>Plaque de porte \u00e9l\u00e9gante en format portrait A3, 297x420mm. Fabriqu\u00e9 en aluminium avec panneau avant non r\u00e9fl\u00e9chissant en plastique acrylique.<\/p>","protected":false},"featured_media":134916,"template":"","meta":{"_acf_changed":false},"product_brand":[],"product_cat":[4265],"product_tag":[4382],"class_list":{"0":"post-115143","1":"product","2":"type-product","3":"status-publish","4":"has-post-thumbnail","6":"product_cat-dorrskyltar-i-alumunium","7":"product_tag-silver","8":"product_shipping_class-tunga-paket","9":"pa_brands-durable","10":"pa_farg-silver","11":"tm-no-options","13":"first","14":"instock","15":"sale","16":"taxable","17":"shipping-taxable","18":"purchasable","19":"product-type-simple"},"acf":[],"_links":{"self":[{"href":"https:\/\/secureus.se\/fr\/wp-json\/wp\/v2\/product\/115143","targetHints":{"allow":["GET"]}}],"collection":[{"href":"https:\/\/secureus.se\/fr\/wp-json\/wp\/v2\/product"}],"about":[{"href":"https:\/\/secureus.se\/fr\/wp-json\/wp\/v2\/types\/product"}],"wp:featuredmedia":[{"embeddable":true,"href":"https:\/\/secureus.se\/fr\/wp-json\/wp\/v2\/media\/134916"}],"wp:attachment":[{"href":"https:\/\/secureus.se\/fr\/wp-json\/wp\/v2\/media?parent=115143"}],"wp:term":[{"taxonomy":"product_brand","embeddable":true,"href":"https:\/\/secureus.se\/fr\/wp-json\/wp\/v2\/product_brand?post=115143"},{"taxonomy":"product_cat","embeddable":true,"href":"https:\/\/secureus.se\/fr\/wp-json\/wp\/v2\/product_cat?post=115143"},{"taxonomy":"product_tag","embeddable":true,"href":"https:\/\/secureus.se\/fr\/wp-json\/wp\/v2\/product_tag?post=115143"}],"curies":[{"name":"wp","href":"https:\/\/api.w.org\/{rel}","templated":true}]}}