{"id":115148,"date":"2024-11-05T18:46:40","date_gmt":"2024-11-05T17:46:40","guid":{"rendered":"https:\/\/secureus.se\/?post_type=product&#038;p=115148"},"modified":"2026-01-12T12:24:19","modified_gmt":"2026-01-12T11:24:19","slug":"crystal-sign-148x148-refill","status":"publish","type":"product","link":"https:\/\/secureus.se\/fr\/crystal-sign-148x148-refill\/","title":{"rendered":"SIGNE CRISTAL 148\u00d7148 recharge"},"content":{"rendered":"<p>Feuilles intercalaires givr\u00e9es adapt\u00e9es \u00e0 l&#039;enseigne CRYSTAL SIGN 4822 au format 148x148mm. Concevez le panneau \u00e0 l&#039;aide du programme gratuit DURAPRINT\u00ae disponible sur www.duraprint.se et imprimez avec une imprimante laser sur la feuille d\u00e9polie. Un paquet contient 10 feuilles avec 2 inserts de signalisation\/feuille. Les feuilles sont perfor\u00e9es et faciles \u00e0 d\u00e9chirer.<\/p>","protected":false},"excerpt":{"rendered":"<p>10 feuilles qui donnent 20 inserts d\u00e9polis pour enseigne CRYSTAL SIGN 4822 au format 148x148mm.<\/p>","protected":false},"featured_media":135122,"template":"","meta":{"_acf_changed":false},"product_brand":[],"product_cat":[4264],"product_tag":[4376],"class_list":{"0":"post-115148","1":"product","2":"type-product","3":"status-publish","4":"has-post-thumbnail","6":"product_cat-dorrskyltar-i-akryl","7":"product_tag-transparent","8":"product_shipping_class-tunga-paket","9":"pa_brands-durable","10":"pa_farg-transparent","11":"tm-no-options","13":"first","14":"instock","15":"sale","16":"taxable","17":"shipping-taxable","18":"purchasable","19":"product-type-simple"},"acf":[],"_links":{"self":[{"href":"https:\/\/secureus.se\/fr\/wp-json\/wp\/v2\/product\/115148","targetHints":{"allow":["GET"]}}],"collection":[{"href":"https:\/\/secureus.se\/fr\/wp-json\/wp\/v2\/product"}],"about":[{"href":"https:\/\/secureus.se\/fr\/wp-json\/wp\/v2\/types\/product"}],"wp:featuredmedia":[{"embeddable":true,"href":"https:\/\/secureus.se\/fr\/wp-json\/wp\/v2\/media\/135122"}],"wp:attachment":[{"href":"https:\/\/secureus.se\/fr\/wp-json\/wp\/v2\/media?parent=115148"}],"wp:term":[{"taxonomy":"product_brand","embeddable":true,"href":"https:\/\/secureus.se\/fr\/wp-json\/wp\/v2\/product_brand?post=115148"},{"taxonomy":"product_cat","embeddable":true,"href":"https:\/\/secureus.se\/fr\/wp-json\/wp\/v2\/product_cat?post=115148"},{"taxonomy":"product_tag","embeddable":true,"href":"https:\/\/secureus.se\/fr\/wp-json\/wp\/v2\/product_tag?post=115148"}],"curies":[{"name":"wp","href":"https:\/\/api.w.org\/{rel}","templated":true}]}}