{"id":115156,"date":"2024-11-20T14:00:49","date_gmt":"2024-11-20T13:00:49","guid":{"rendered":"https:\/\/secureus.se\/?post_type=product&#038;p=115156"},"modified":"2026-01-12T12:24:51","modified_gmt":"2026-01-12T11:24:51","slug":"golvskylt-info-sign-stand-a3","status":"publish","type":"product","link":"https:\/\/secureus.se\/fr\/golvskylt-info-sign-stand-a3\/","title":{"rendered":"Panneau de sol INFO SIGN STAND A3"},"content":{"rendered":"<p>Les panneaux de sol informent et orientent les visiteurs et sont excellents pour \u00eatre plac\u00e9s dans les entr\u00e9es, les restaurants, les expositions et autres lieux. La s\u00e9rie de panneaux INFO SIGN est dot\u00e9e d&#039;un dos et de bandes de bord en aluminium. La feuille blanche avec le texte est prot\u00e9g\u00e9e derri\u00e8re le panneau avant non r\u00e9fl\u00e9chissant qui se glisse dans les bandes lat\u00e9rales et est maintenue en place par deux attaches noires. Le support au sol se compose d&#039;un pied lourd et stable, d&#039;un support en aluminium et le panneau A3 rotatif - qui peut \u00eatre utilis\u00e9 debout ou couch\u00e9 - est visible de loin. Le panneau peut \u00eatre plac\u00e9 \u00e0 6 hauteurs diff\u00e9rentes et la hauteur du lieu avec un panneau debout est comprise entre 1,18 et 1,25 m. Avec panneau horizontal, la hauteur est de 1,13 \u00e0 1,20 m. Livr\u00e9 avec notice de montage. Concevez le panneau \u00e0 l&#039;aide du programme gratuit DURAPRINT\u00ae disponible sur www.duraprint.se et imprimez-le avec une imprimante laser.<\/p>","protected":false},"excerpt":{"rendered":"<p>Panneau de sol pour \u00e9curie INFO SIGN A3. Le panneau peut \u00eatre utilis\u00e9 en format portrait ou paysage.<\/p>","protected":false},"featured_media":134911,"template":"","meta":{"_acf_changed":false},"product_brand":[],"product_cat":[4265],"product_tag":[4382],"class_list":{"0":"post-115156","1":"product","2":"type-product","3":"status-publish","4":"has-post-thumbnail","6":"product_cat-dorrskyltar-i-alumunium","7":"product_tag-silver","8":"product_shipping_class-tunga-paket","9":"pa_brands-durable","10":"pa_farg-silver","11":"tm-no-options","13":"first","14":"instock","15":"sale","16":"taxable","17":"shipping-taxable","18":"purchasable","19":"product-type-simple"},"acf":[],"_links":{"self":[{"href":"https:\/\/secureus.se\/fr\/wp-json\/wp\/v2\/product\/115156","targetHints":{"allow":["GET"]}}],"collection":[{"href":"https:\/\/secureus.se\/fr\/wp-json\/wp\/v2\/product"}],"about":[{"href":"https:\/\/secureus.se\/fr\/wp-json\/wp\/v2\/types\/product"}],"wp:featuredmedia":[{"embeddable":true,"href":"https:\/\/secureus.se\/fr\/wp-json\/wp\/v2\/media\/134911"}],"wp:attachment":[{"href":"https:\/\/secureus.se\/fr\/wp-json\/wp\/v2\/media?parent=115156"}],"wp:term":[{"taxonomy":"product_brand","embeddable":true,"href":"https:\/\/secureus.se\/fr\/wp-json\/wp\/v2\/product_brand?post=115156"},{"taxonomy":"product_cat","embeddable":true,"href":"https:\/\/secureus.se\/fr\/wp-json\/wp\/v2\/product_cat?post=115156"},{"taxonomy":"product_tag","embeddable":true,"href":"https:\/\/secureus.se\/fr\/wp-json\/wp\/v2\/product_tag?post=115156"}],"curies":[{"name":"wp","href":"https:\/\/api.w.org\/{rel}","templated":true}]}}