{"id":115164,"date":"2024-11-20T14:00:17","date_gmt":"2024-11-20T13:00:17","guid":{"rendered":"https:\/\/secureus.se\/?post_type=product&#038;p=115164"},"modified":"2026-01-12T12:25:12","modified_gmt":"2026-01-12T11:25:12","slug":"inforam-duraframe-wallpaper-a3-2","status":"publish","type":"product","link":"https:\/\/secureus.se\/fr\/inforam-duraframe-wallpaper-a3-2\/","title":{"rendered":"Cadre d&#039;information DURAFRAME\u00ae WALLPAPER A3"},"content":{"rendered":"<p>Utilisez les cadres d&#039;information autocollants DURAFRAME\u00ae WALLPAPER pour afficher et pr\u00e9senter de mani\u00e8re professionnelle des offres promotionnelles, des heures d&#039;ouverture, des panneaux et d&#039;autres informations temporaires ou plus permanentes. Peut \u00eatre install\u00e9 sur des surfaces sensibles telles que le papier peint, le bois et la plupart des surfaces en plastique gr\u00e2ce aux bandes adh\u00e9sives autocollantes.<br \/>\nFacile \u00e0 ins\u00e9rer ou \u00e0 modifier des messages en soulevant le devant avec fermeture magn\u00e9tique. DURAFRAME\u00ae WALLPAPER peut \u00eatre retir\u00e9 sans laisser de traces ni endommager le support, conform\u00e9ment aux instructions figurant sur l&#039;emballage et aux symboles appos\u00e9s sur le cadre. Kit de remplacement avec 4 bandes adh\u00e9sives incluses.<br \/>\nPour les documents au format A3. Dimensions ext\u00e9rieures 323\u00d7446 mm.<br \/>\nEmballage avec 1 pc.<\/p>","protected":false},"excerpt":{"rendered":"<p>Cadre d&#039;informations autocollant et facile \u00e0 utiliser pour diff\u00e9rents types d&#039;informations \u00e0 apposer sur des supports sensibles, par ex. Pour les documents au format A3. avec cadre magn\u00e9tique ouvrable pour format A4. Se fixe avec des bandes adh\u00e9sives qui fonctionnent sur les surfaces sensibles comme le papier peint, etc. <\/p>","protected":false},"featured_media":134664,"template":"","meta":{"_acf_changed":false},"product_brand":[],"product_cat":[4292],"product_tag":[4381],"class_list":{"0":"post-115164","1":"product","2":"type-product","3":"status-publish","4":"has-post-thumbnail","6":"product_cat-inforamar-for-kansliga-ytor","7":"product_tag-svart","8":"product_shipping_class-tunga-paket","9":"pa_brands-durable","10":"pa_farg-svart","11":"tm-no-options","13":"first","14":"instock","15":"sale","16":"taxable","17":"shipping-taxable","18":"purchasable","19":"product-type-simple"},"acf":[],"_links":{"self":[{"href":"https:\/\/secureus.se\/fr\/wp-json\/wp\/v2\/product\/115164","targetHints":{"allow":["GET"]}}],"collection":[{"href":"https:\/\/secureus.se\/fr\/wp-json\/wp\/v2\/product"}],"about":[{"href":"https:\/\/secureus.se\/fr\/wp-json\/wp\/v2\/types\/product"}],"wp:featuredmedia":[{"embeddable":true,"href":"https:\/\/secureus.se\/fr\/wp-json\/wp\/v2\/media\/134664"}],"wp:attachment":[{"href":"https:\/\/secureus.se\/fr\/wp-json\/wp\/v2\/media?parent=115164"}],"wp:term":[{"taxonomy":"product_brand","embeddable":true,"href":"https:\/\/secureus.se\/fr\/wp-json\/wp\/v2\/product_brand?post=115164"},{"taxonomy":"product_cat","embeddable":true,"href":"https:\/\/secureus.se\/fr\/wp-json\/wp\/v2\/product_cat?post=115164"},{"taxonomy":"product_tag","embeddable":true,"href":"https:\/\/secureus.se\/fr\/wp-json\/wp\/v2\/product_tag?post=115164"}],"curies":[{"name":"wp","href":"https:\/\/api.w.org\/{rel}","templated":true}]}}