{"id":115178,"date":"2024-11-20T13:56:39","date_gmt":"2024-11-20T12:56:39","guid":{"rendered":"https:\/\/secureus.se\/?post_type=product&#038;p=115178"},"modified":"2026-03-11T14:46:17","modified_gmt":"2026-03-11T13:46:17","slug":"golvskylt-info-stand-basic-a4","status":"publish","type":"product","link":"https:\/\/secureus.se\/fr\/golvskylt-info-stand-basic-a4\/","title":{"rendered":"Panneau de sol Info Stand BASIC A4"},"content":{"rendered":"<p>Les panneaux de sol informent et orientent les visiteurs et sont excellents pour \u00eatre plac\u00e9s dans les entr\u00e9es, les r\u00e9ceptions, les expositions et autres lieux. La s\u00e9rie de panneaux INFO STAND BASIC comporte deux cadres magn\u00e9tiques qui sont fix\u00e9s sur la plaque m\u00e9tallique au milieu et il est ainsi facile de modifier les informations des deux c\u00f4t\u00e9s. Le support au sol se compose d&#039;un pied lourd et stable avec des pieds en caoutchouc, d&#039;un support en aluminium et du panneau qui peut \u00eatre plac\u00e9 au format paysage ou portrait sans utiliser d&#039;outils.<br \/>\nConcevez le panneau \u00e0 l&#039;aide du programme gratuit DURAPRINT\u00ae disponible sur www.duraprint.se.<br \/>\nLivr\u00e9 avec 2 cadres DURAFRAME\u00ae MAGNETIC A4 noirs, kit de montage et notice. Personnalisez le panneau de sol en achetant des cadres d&#039;une couleur diff\u00e9rente, par exemple la couleur du logo de l&#039;entreprise.<br \/>\nDimensions panneau vertical : 1315x305x305 mm (H x L x P), dimensions panneau horizontal : 1252x323x305 mm (H x L x P)<br \/>\nAccessoires : cadres DURAFRAME\u00ae MAGNETIC A4 dans d&#039;autres couleurs, art n\u00b0 4869xx<\/p>","protected":false},"excerpt":{"rendered":"<p>Panneau de sol avec cadres magn\u00e9tiques noirs des deux c\u00f4t\u00e9s. Pour panneaux au format A4.<\/p>","protected":false},"featured_media":134861,"template":"","meta":{"_acf_changed":false},"product_brand":[],"product_cat":[4304],"product_tag":[4394],"class_list":{"0":"post-115178","1":"product","2":"type-product","3":"status-publish","4":"has-post-thumbnail","6":"product_cat-broschyrstall-golvstativ","7":"product_tag-antracitgra","8":"product_shipping_class-tunga-paket","9":"pa_brands-durable","10":"pa_farg-antracitgra","11":"tm-no-options","13":"first","14":"instock","15":"sale","16":"taxable","17":"shipping-taxable","18":"purchasable","19":"product-type-simple"},"acf":[],"_links":{"self":[{"href":"https:\/\/secureus.se\/fr\/wp-json\/wp\/v2\/product\/115178","targetHints":{"allow":["GET"]}}],"collection":[{"href":"https:\/\/secureus.se\/fr\/wp-json\/wp\/v2\/product"}],"about":[{"href":"https:\/\/secureus.se\/fr\/wp-json\/wp\/v2\/types\/product"}],"wp:featuredmedia":[{"embeddable":true,"href":"https:\/\/secureus.se\/fr\/wp-json\/wp\/v2\/media\/134861"}],"wp:attachment":[{"href":"https:\/\/secureus.se\/fr\/wp-json\/wp\/v2\/media?parent=115178"}],"wp:term":[{"taxonomy":"product_brand","embeddable":true,"href":"https:\/\/secureus.se\/fr\/wp-json\/wp\/v2\/product_brand?post=115178"},{"taxonomy":"product_cat","embeddable":true,"href":"https:\/\/secureus.se\/fr\/wp-json\/wp\/v2\/product_cat?post=115178"},{"taxonomy":"product_tag","embeddable":true,"href":"https:\/\/secureus.se\/fr\/wp-json\/wp\/v2\/product_tag?post=115178"}],"curies":[{"name":"wp","href":"https:\/\/api.w.org\/{rel}","templated":true}]}}