{"id":115207,"date":"2024-11-20T14:12:52","date_gmt":"2024-11-20T13:12:52","guid":{"rendered":"https:\/\/secureus.se\/?post_type=product&#038;p=115207"},"modified":"2026-01-12T12:48:47","modified_gmt":"2026-01-12T11:48:47","slug":"namnskylt-60x90-halsband-4","status":"publish","type":"product","link":"https:\/\/secureus.se\/fr\/namnskylt-60x90-halsband-4\/","title":{"rendered":"Plaque signal\u00e9tique 60\u00d790, collier"},"content":{"rendered":"<p>Participants \u00e0 des conf\u00e9rences, visiteurs d&#039;entreprises, collaborateurs de salons, de magasins, professions de service et vendeurs - la liste peut \u00eatre \u00e9tendue l\u00e0 o\u00f9 l&#039;on a besoin d&#039;insignes nominatifs de diff\u00e9rentes tailles, mod\u00e8les et options de fixation. Cette plaque signal\u00e9tique au format paysage 60x90 mm est livr\u00e9e avec un collier textile de 1 cm de large et 88 cm de long avec fermoir de s\u00e9curit\u00e9. La fa\u00e7ade d\u00e9coup\u00e9e facilite la t\u00e2che si la carte doit \u00eatre remplac\u00e9e relativement souvent. Des \u00e9tiquettes blanches en bande sont incluses. Les \u00e9tiquettes sur feuilles A4 pour impression dans les imprimantes peuvent \u00eatre command\u00e9es s\u00e9par\u00e9ment. Utilisez le programme gratuit DURAPRINT\u00ae disponible sur www.duraprint.se pour cr\u00e9er et imprimer des \u00e9tiquettes nominatives \u00e9l\u00e9gantes.<br \/>\nAccessoires:<br \/>\n\u00c9tiquettes Badgemaker\u00ae sur feuilles A4 \u00e0 imprimer avec une imprimante, r\u00e9f. <\/p>","protected":false},"excerpt":{"rendered":"<p>Plaque signal\u00e9tique suspendue au format paysage 60x90mm avec collier textile \u00e9troit. D\u00e9coupe sur le devant pour un changement facile de la carte. 10 pi\u00e8ces\/bo\u00eete<\/p>","protected":false},"featured_media":134624,"template":"","meta":{"_acf_changed":false},"product_brand":[],"product_cat":[4283],"product_tag":[4393],"class_list":{"0":"post-115207","1":"product","2":"type-product","3":"status-publish","4":"has-post-thumbnail","6":"product_cat-namnskyltar-med-nyckelband","7":"product_tag-gra","8":"product_shipping_class-tunga-paket","9":"pa_brands-durable","10":"pa_farg-gra","11":"tm-no-options","13":"first","14":"instock","15":"sale","16":"taxable","17":"shipping-taxable","18":"purchasable","19":"product-type-simple"},"acf":[],"_links":{"self":[{"href":"https:\/\/secureus.se\/fr\/wp-json\/wp\/v2\/product\/115207","targetHints":{"allow":["GET"]}}],"collection":[{"href":"https:\/\/secureus.se\/fr\/wp-json\/wp\/v2\/product"}],"about":[{"href":"https:\/\/secureus.se\/fr\/wp-json\/wp\/v2\/types\/product"}],"wp:featuredmedia":[{"embeddable":true,"href":"https:\/\/secureus.se\/fr\/wp-json\/wp\/v2\/media\/134624"}],"wp:attachment":[{"href":"https:\/\/secureus.se\/fr\/wp-json\/wp\/v2\/media?parent=115207"}],"wp:term":[{"taxonomy":"product_brand","embeddable":true,"href":"https:\/\/secureus.se\/fr\/wp-json\/wp\/v2\/product_brand?post=115207"},{"taxonomy":"product_cat","embeddable":true,"href":"https:\/\/secureus.se\/fr\/wp-json\/wp\/v2\/product_cat?post=115207"},{"taxonomy":"product_tag","embeddable":true,"href":"https:\/\/secureus.se\/fr\/wp-json\/wp\/v2\/product_tag?post=115207"}],"curies":[{"name":"wp","href":"https:\/\/api.w.org\/{rel}","templated":true}]}}