{"id":115217,"date":"2024-11-20T14:10:58","date_gmt":"2024-11-20T13:10:58","guid":{"rendered":"https:\/\/secureus.se\/?post_type=product&#038;p=115217"},"modified":"2026-01-12T12:01:43","modified_gmt":"2026-01-12T11:01:43","slug":"halkskyddstejp-duraline-grip-50-mm","status":"publish","type":"product","link":"https:\/\/secureus.se\/fr\/halkskyddstejp-duraline-grip-50-mm\/","title":{"rendered":"Bande antid\u00e9rapante Duraline Grip+ 50 mm"},"content":{"rendered":"<p>Ruban antid\u00e9rapant destin\u00e9 \u00e0 un usage int\u00e9rieur ou dans des endroits prot\u00e9g\u00e9s en ext\u00e9rieur o\u00f9 il existe un risque de glissade. Il peut s&#039;agir de sols ou de marches glissants, d&#039;\u00e9chelles, de rampes inclin\u00e9es, de p\u00e9dales et de marches sur des machines et des v\u00e9hicules. Il s&#039;agit d&#039;un ruban adh\u00e9sif d&#039;une largeur de 50 mm et d&#039;une granulom\u00e9trie grossi\u00e8re qui offre une surface avec une bonne adh\u00e9rence et une bonne friction, m\u00eame dans des environnements plus difficiles avec une usure et des salissures plus importantes.<br \/>\nFacile \u00e0 utiliser pour tout le monde : assurez-vous que le sol est propre et sec. La temp\u00e9rature minimale pour l&#039;assemblage est de +10, la temp\u00e9rature optimale se situe entre 15 et 20 degr\u00e9s. Retirez 10 cm du plastique de protection au dos et fixez le ruban, puis d\u00e9roulez et retirez le plastique de protection progressivement, il sera plus facile de fixer le ruban dans la ligne souhait\u00e9e. Apr\u00e8s 48 heures, l&#039;adh\u00e9sif a compl\u00e8tement durci, mais vous pouvez marcher sur le ruban imm\u00e9diatement apr\u00e8s l&#039;installation.<br \/>\nSp\u00e9cifications techniques : Niveau de r\u00e9sistance au glissement R13 selon DIN51130. Roulez environ 15 m\u00e8tres. Largeur : 50 mm. Granulom\u00e9trie 36<\/p>","protected":false},"excerpt":{"rendered":"<p>Ruban antid\u00e9rapant de 50 mm de large pour une utilisation en int\u00e9rieur et dans des endroits ext\u00e9rieurs prot\u00e9g\u00e9s. Surface grossi\u00e8rement rugueuse qui offre une bonne adh\u00e9rence m\u00eame dans des environnements l\u00e9g\u00e8rement plus difficiles.<\/p>","protected":false},"featured_media":133743,"template":"","meta":{"_acf_changed":false},"product_brand":[],"product_cat":[4305],"product_tag":[4381],"class_list":{"0":"post-115217","1":"product","2":"type-product","3":"status-publish","4":"has-post-thumbnail","6":"product_cat-halkskyddstejp","7":"product_tag-svart","8":"product_shipping_class-tunga-paket","9":"pa_brands-durable","10":"pa_farg-svart","11":"tm-no-options","13":"first","14":"instock","15":"sale","16":"taxable","17":"shipping-taxable","18":"purchasable","19":"product-type-simple"},"acf":[],"_links":{"self":[{"href":"https:\/\/secureus.se\/fr\/wp-json\/wp\/v2\/product\/115217","targetHints":{"allow":["GET"]}}],"collection":[{"href":"https:\/\/secureus.se\/fr\/wp-json\/wp\/v2\/product"}],"about":[{"href":"https:\/\/secureus.se\/fr\/wp-json\/wp\/v2\/types\/product"}],"wp:featuredmedia":[{"embeddable":true,"href":"https:\/\/secureus.se\/fr\/wp-json\/wp\/v2\/media\/133743"}],"wp:attachment":[{"href":"https:\/\/secureus.se\/fr\/wp-json\/wp\/v2\/media?parent=115217"}],"wp:term":[{"taxonomy":"product_brand","embeddable":true,"href":"https:\/\/secureus.se\/fr\/wp-json\/wp\/v2\/product_brand?post=115217"},{"taxonomy":"product_cat","embeddable":true,"href":"https:\/\/secureus.se\/fr\/wp-json\/wp\/v2\/product_cat?post=115217"},{"taxonomy":"product_tag","embeddable":true,"href":"https:\/\/secureus.se\/fr\/wp-json\/wp\/v2\/product_tag?post=115217"}],"curies":[{"name":"wp","href":"https:\/\/api.w.org\/{rel}","templated":true}]}}