{"id":115232,"date":"2024-11-20T14:04:21","date_gmt":"2024-11-20T13:04:21","guid":{"rendered":"https:\/\/secureus.se\/?post_type=product&#038;p=115232"},"modified":"2026-01-12T12:09:32","modified_gmt":"2026-01-12T11:09:32","slug":"forsta-hjalpen-skap-first-aid-box-medium-tom","status":"publish","type":"product","link":"https:\/\/secureus.se\/fr\/forsta-hjalpen-skap-first-aid-box-medium-tom\/","title":{"rendered":"Armoire de premiers secours FIRST AID BOX Medium (vide)"},"content":{"rendered":"<p>Rangez votre mat\u00e9riel de premiers secours, vos comprim\u00e9s contre les maux de t\u00eate et autres produits similaires dans un seul et m\u00eame endroit, pour les avoir \u00e0 port\u00e9e de main en cas de besoin. Cette armoire \u00e0 pharmacie en aluminium est dot\u00e9e de deux compartiments pivotants, modulables selon vos besoins. Vis et chevilles pour la fixation murale, ainsi qu&#039;une \u00e9tiquette autocollante \u00ab\u00a0Premiers secours\u00a0\u00bb, sont incluses. Une serrure \u00e0 cylindre, fournie avec deux cl\u00e9s, permet de verrouiller l&#039;armoire. Dimensions\u00a0: 28\u00a0x\u00a030\u00a0x\u00a012\u00a0cm (H\u00a0x\u00a0L\u00a0x\u00a0P).<br \/>\nAccessoires : Ensemble d&#039;articles de toilette, r\u00e9f. 197200.<\/p>","protected":false},"excerpt":{"rendered":"<p>Armoire de premiers secours en aluminium \u00e0 deux compartiments.<\/p>","protected":false},"featured_media":155438,"template":"","meta":{"_acf_changed":false},"product_brand":[],"product_cat":[1573],"product_tag":[4382],"class_list":{"0":"post-115232","1":"product","2":"type-product","3":"status-publish","4":"has-post-thumbnail","6":"product_cat-forsta-hjalpen","7":"product_tag-silver","8":"product_shipping_class-tunga-paket","9":"pa_brands-durable","10":"pa_farg-silver","11":"tm-no-options","13":"first","14":"instock","15":"sale","16":"taxable","17":"shipping-taxable","18":"purchasable","19":"product-type-simple"},"acf":[],"_links":{"self":[{"href":"https:\/\/secureus.se\/fr\/wp-json\/wp\/v2\/product\/115232","targetHints":{"allow":["GET"]}}],"collection":[{"href":"https:\/\/secureus.se\/fr\/wp-json\/wp\/v2\/product"}],"about":[{"href":"https:\/\/secureus.se\/fr\/wp-json\/wp\/v2\/types\/product"}],"wp:featuredmedia":[{"embeddable":true,"href":"https:\/\/secureus.se\/fr\/wp-json\/wp\/v2\/media\/155438"}],"wp:attachment":[{"href":"https:\/\/secureus.se\/fr\/wp-json\/wp\/v2\/media?parent=115232"}],"wp:term":[{"taxonomy":"product_brand","embeddable":true,"href":"https:\/\/secureus.se\/fr\/wp-json\/wp\/v2\/product_brand?post=115232"},{"taxonomy":"product_cat","embeddable":true,"href":"https:\/\/secureus.se\/fr\/wp-json\/wp\/v2\/product_cat?post=115232"},{"taxonomy":"product_tag","embeddable":true,"href":"https:\/\/secureus.se\/fr\/wp-json\/wp\/v2\/product_tag?post=115232"}],"curies":[{"name":"wp","href":"https:\/\/api.w.org\/{rel}","templated":true}]}}