{"id":115244,"date":"2024-11-20T14:04:21","date_gmt":"2024-11-20T13:04:21","guid":{"rendered":"https:\/\/secureus.se\/?post_type=product&#038;p=115244"},"modified":"2026-01-12T12:09:55","modified_gmt":"2026-01-12T11:09:55","slug":"forsta-hjalpen-produkter-set-m-din-131642022","status":"publish","type":"product","link":"https:\/\/secureus.se\/fr\/forsta-hjalpen-produkter-set-m-din-131642022\/","title":{"rendered":"Kit de premiers secours M DIN 13164:2022"},"content":{"rendered":"<p>Rassemblez les fournitures de premiers secours, les comprim\u00e9s contre les maux de t\u00eate et autres en un seul endroit, afin qu&#039;ils soient facilement accessibles en cas de besoin. KIT DE PREMIERS SECOURS M est un assortiment pr\u00eat \u00e0 l&#039;emploi d&#039;articles de premiers secours, par exemple des pansements, des compresses, des bandages, du ruban adh\u00e9sif, des gants en plastique, une couverture de secours (qui prot\u00e8ge contre l&#039;hypothermie) selon la norme DIN 13164, destin\u00e9s \u00e0 un usage priv\u00e9. Convient comme remplissage ou recharge pour FIRST AID BOX M .<br \/>\nAccessoires : Armoire de premiers secours vide, r\u00e9f. 197023.<\/p>","protected":false},"excerpt":{"rendered":"<p>Ensemble de 36 articles de premiers secours destin\u00e9s \u00e0 un usage priv\u00e9.<\/p>","protected":false},"featured_media":133912,"template":"","meta":{"_acf_changed":false},"product_brand":[],"product_cat":[1573],"product_tag":[],"class_list":{"0":"post-115244","1":"product","2":"type-product","3":"status-publish","4":"has-post-thumbnail","6":"product_cat-forsta-hjalpen","7":"product_shipping_class-tunga-paket","8":"pa_brands-durable","9":"tm-no-options","11":"first","12":"instock","13":"sale","14":"taxable","15":"shipping-taxable","16":"purchasable","17":"product-type-simple"},"acf":[],"_links":{"self":[{"href":"https:\/\/secureus.se\/fr\/wp-json\/wp\/v2\/product\/115244","targetHints":{"allow":["GET"]}}],"collection":[{"href":"https:\/\/secureus.se\/fr\/wp-json\/wp\/v2\/product"}],"about":[{"href":"https:\/\/secureus.se\/fr\/wp-json\/wp\/v2\/types\/product"}],"wp:featuredmedia":[{"embeddable":true,"href":"https:\/\/secureus.se\/fr\/wp-json\/wp\/v2\/media\/133912"}],"wp:attachment":[{"href":"https:\/\/secureus.se\/fr\/wp-json\/wp\/v2\/media?parent=115244"}],"wp:term":[{"taxonomy":"product_brand","embeddable":true,"href":"https:\/\/secureus.se\/fr\/wp-json\/wp\/v2\/product_brand?post=115244"},{"taxonomy":"product_cat","embeddable":true,"href":"https:\/\/secureus.se\/fr\/wp-json\/wp\/v2\/product_cat?post=115244"},{"taxonomy":"product_tag","embeddable":true,"href":"https:\/\/secureus.se\/fr\/wp-json\/wp\/v2\/product_tag?post=115244"}],"curies":[{"name":"wp","href":"https:\/\/api.w.org\/{rel}","templated":true}]}}