{"id":115254,"date":"2024-11-20T13:55:48","date_gmt":"2024-11-20T12:55:48","guid":{"rendered":"https:\/\/secureus.se\/?post_type=product&#038;p=115254"},"modified":"2026-01-12T12:25:35","modified_gmt":"2026-01-12T11:25:35","slug":"crystal-sign-297x420-a3-staende-refill","status":"publish","type":"product","link":"https:\/\/secureus.se\/fr\/crystal-sign-297x420-a3-staende-refill\/","title":{"rendered":"Recharge CRISTAL SIGN 297\u00d7420 (A3 portrait)"},"content":{"rendered":"<p>Feuilles intercalaires givr\u00e9es adapt\u00e9es \u00e0 l&#039;enseigne CRYSTAL SIGN 4826, format vertical A3 (297x420mm). Concevez le panneau \u00e0 l&#039;aide du programme gratuit DURAPRINT\u00ae disponible sur www.duraprint.se et imprimez avec une imprimante laser sur la feuille d\u00e9polie. Un paquet contient 10 feuilles avec 1 insert\/feuille de signe. Les feuilles sont perfor\u00e9es et faciles \u00e0 d\u00e9chirer.<\/p>","protected":false},"excerpt":{"rendered":"<p>10 inserts d\u00e9polis pour enseigne CRYSTAL SIGN 4826 au format portrait A3 (297x420mm).<\/p>","protected":false},"featured_media":135159,"template":"","meta":{"_acf_changed":false},"product_brand":[],"product_cat":[4264],"product_tag":[4376],"class_list":{"0":"post-115254","1":"product","2":"type-product","3":"status-publish","4":"has-post-thumbnail","6":"product_cat-dorrskyltar-i-akryl","7":"product_tag-transparent","8":"product_shipping_class-tunga-paket","9":"pa_brands-durable","10":"pa_farg-transparent","11":"tm-no-options","13":"first","14":"instock","15":"sale","16":"taxable","17":"shipping-taxable","18":"purchasable","19":"product-type-simple"},"acf":[],"_links":{"self":[{"href":"https:\/\/secureus.se\/fr\/wp-json\/wp\/v2\/product\/115254","targetHints":{"allow":["GET"]}}],"collection":[{"href":"https:\/\/secureus.se\/fr\/wp-json\/wp\/v2\/product"}],"about":[{"href":"https:\/\/secureus.se\/fr\/wp-json\/wp\/v2\/types\/product"}],"wp:featuredmedia":[{"embeddable":true,"href":"https:\/\/secureus.se\/fr\/wp-json\/wp\/v2\/media\/135159"}],"wp:attachment":[{"href":"https:\/\/secureus.se\/fr\/wp-json\/wp\/v2\/media?parent=115254"}],"wp:term":[{"taxonomy":"product_brand","embeddable":true,"href":"https:\/\/secureus.se\/fr\/wp-json\/wp\/v2\/product_brand?post=115254"},{"taxonomy":"product_cat","embeddable":true,"href":"https:\/\/secureus.se\/fr\/wp-json\/wp\/v2\/product_cat?post=115254"},{"taxonomy":"product_tag","embeddable":true,"href":"https:\/\/secureus.se\/fr\/wp-json\/wp\/v2\/product_tag?post=115254"}],"curies":[{"name":"wp","href":"https:\/\/api.w.org\/{rel}","templated":true}]}}