{"id":115280,"date":"2024-11-20T14:03:11","date_gmt":"2024-11-20T13:03:11","guid":{"rendered":"https:\/\/secureus.se\/?post_type=product&#038;p=115280"},"modified":"2025-12-31T21:39:56","modified_gmt":"2025-12-31T20:39:56","slug":"klamlist-magnetisk-sjalvhaftande-durafix-roll-5-m-2","status":"publish","type":"product","link":"https:\/\/secureus.se\/fr\/klamlist-magnetisk-sjalvhaftande-durafix-roll-5-m-2\/","title":{"rendered":"Bande de serrage magn\u00e9tique, autocollante DURAFIX\u00ae ROLL 5 m"},"content":{"rendered":"<p>Publiez des notes, des rappels et plus rapidement et facilement avec DURAFIX\u00ae. Manipulation facile : fixez la bande magn\u00e9tique autocollante, ouvrez, mettez une note et fermez. La bande, qui peut \u00eatre coup\u00e9e \u00e0 la longueur souhait\u00e9e, s&#039;installe sur des surfaces lisses telles que des armoires, des portes vitr\u00e9es, des vitrines, des tableaux blancs ou des stands de salon et ne laisse aucune trace lorsqu&#039;elle est retir\u00e9e des surfaces lisses. Superbe des deux c\u00f4t\u00e9s d\u2019une vitre. Rouleau de 5 m\u00e8tres, hauteur 17 mm.<\/p>","protected":false},"excerpt":{"rendered":"<p>Rail de serrage magn\u00e9tique autocollant pour information. Peut \u00eatre coup\u00e9 \u00e0 la longueur d\u00e9sir\u00e9e.<\/p>","protected":false},"featured_media":134737,"template":"","meta":{"_acf_changed":false},"product_brand":[],"product_cat":[4269],"product_tag":[4387],"class_list":{"0":"post-115280","1":"product","2":"type-product","3":"status-publish","4":"has-post-thumbnail","6":"product_cat-magnetisk-fastsattning","7":"product_tag-bla","8":"product_shipping_class-tunga-paket","9":"pa_brands-durable","10":"pa_farg-bla","11":"tm-no-options","13":"first","14":"instock","15":"sale","16":"taxable","17":"shipping-taxable","18":"purchasable","19":"product-type-simple"},"acf":[],"_links":{"self":[{"href":"https:\/\/secureus.se\/fr\/wp-json\/wp\/v2\/product\/115280","targetHints":{"allow":["GET"]}}],"collection":[{"href":"https:\/\/secureus.se\/fr\/wp-json\/wp\/v2\/product"}],"about":[{"href":"https:\/\/secureus.se\/fr\/wp-json\/wp\/v2\/types\/product"}],"wp:featuredmedia":[{"embeddable":true,"href":"https:\/\/secureus.se\/fr\/wp-json\/wp\/v2\/media\/134737"}],"wp:attachment":[{"href":"https:\/\/secureus.se\/fr\/wp-json\/wp\/v2\/media?parent=115280"}],"wp:term":[{"taxonomy":"product_brand","embeddable":true,"href":"https:\/\/secureus.se\/fr\/wp-json\/wp\/v2\/product_brand?post=115280"},{"taxonomy":"product_cat","embeddable":true,"href":"https:\/\/secureus.se\/fr\/wp-json\/wp\/v2\/product_cat?post=115280"},{"taxonomy":"product_tag","embeddable":true,"href":"https:\/\/secureus.se\/fr\/wp-json\/wp\/v2\/product_tag?post=115280"}],"curies":[{"name":"wp","href":"https:\/\/api.w.org\/{rel}","templated":true}]}}