{"id":115291,"date":"2024-12-07T15:21:12","date_gmt":"2024-12-07T14:21:12","guid":{"rendered":"https:\/\/secureus.se\/?post_type=product&#038;p=115291"},"modified":"2026-01-12T12:09:00","modified_gmt":"2026-01-12T11:09:00","slug":"nyckelskap-key-box-12-med-vridlas","status":"publish","type":"product","link":"https:\/\/secureus.se\/fr\/nyckelskap-key-box-12-med-vridlas\/","title":{"rendered":"Armoire \u00e0 cl\u00e9s KEY BOX 12 avec serrure tournante"},"content":{"rendered":"<p>Avec une armoire \u00e0 cl\u00e9s, il existe un endroit naturel pour r\u00e9cup\u00e9rer et stocker les cl\u00e9s, ce qui cr\u00e9e un meilleur ordre et une meilleure s\u00e9curit\u00e9. La s\u00e9rie KEY BOX de Durable avec diff\u00e9rentes armoires \u00e0 cl\u00e9s est en aluminium avec une liste claire du contenu \u00e0 l&#039;int\u00e9rieur de la porte. Les porte-cl\u00e9s sont sp\u00e9cialement con\u00e7us pour \u00eatre accroch\u00e9s entre deux crochets sur la barrette de cl\u00e9, ce qui signifie que le marquage est clairement visible et que la cl\u00e9 est suspendue derri\u00e8re le porte-cl\u00e9s. Un jeu contenant 6 porte-cl\u00e9s en rouge, jaune, bleu et noir est inclus, ainsi que des vis et des chevilles pour le montage. Des mod\u00e8les d&#039;impression d&#039;\u00e9tiquettes pour les porte-cl\u00e9s et la liste des cl\u00e9s peuvent \u00eatre t\u00e9l\u00e9charg\u00e9s \u00e0 partir de https:\/\/www.durable.se\/service\/ladda-ner\/mallar.html. Cette petite armoire est dot\u00e9e d&#039;un verrou tournant et peut accueillir 12 cl\u00e9s. Dimensions : 16x30x12 cm HxLxP.<br \/>\nAccessoires : Porte-cl\u00e9s suppl\u00e9mentaires num\u00e9ro d&#039;article 1957 en diff\u00e9rentes couleurs.<\/p>","protected":false},"excerpt":{"rendered":"<p>Armoire \u00e0 cl\u00e9s en aluminium permettant de ranger 12 cl\u00e9s.<\/p>","protected":false},"featured_media":135307,"template":"","meta":{"_acf_changed":false},"product_brand":[],"product_cat":[1932],"product_tag":[4382],"class_list":{"0":"post-115291","1":"product","2":"type-product","3":"status-publish","4":"has-post-thumbnail","6":"product_cat-nyckelgomma-nyckelbox","7":"product_tag-silver","8":"product_shipping_class-tunga-paket","9":"pa_brands-durable","10":"pa_farg-silver","11":"tm-no-options","13":"first","14":"instock","15":"sale","16":"taxable","17":"shipping-taxable","18":"purchasable","19":"product-type-simple"},"acf":[],"_links":{"self":[{"href":"https:\/\/secureus.se\/fr\/wp-json\/wp\/v2\/product\/115291","targetHints":{"allow":["GET"]}}],"collection":[{"href":"https:\/\/secureus.se\/fr\/wp-json\/wp\/v2\/product"}],"about":[{"href":"https:\/\/secureus.se\/fr\/wp-json\/wp\/v2\/types\/product"}],"wp:featuredmedia":[{"embeddable":true,"href":"https:\/\/secureus.se\/fr\/wp-json\/wp\/v2\/media\/135307"}],"wp:attachment":[{"href":"https:\/\/secureus.se\/fr\/wp-json\/wp\/v2\/media?parent=115291"}],"wp:term":[{"taxonomy":"product_brand","embeddable":true,"href":"https:\/\/secureus.se\/fr\/wp-json\/wp\/v2\/product_brand?post=115291"},{"taxonomy":"product_cat","embeddable":true,"href":"https:\/\/secureus.se\/fr\/wp-json\/wp\/v2\/product_cat?post=115291"},{"taxonomy":"product_tag","embeddable":true,"href":"https:\/\/secureus.se\/fr\/wp-json\/wp\/v2\/product_tag?post=115291"}],"curies":[{"name":"wp","href":"https:\/\/api.w.org\/{rel}","templated":true}]}}