{"id":115303,"date":"2024-11-05T18:20:29","date_gmt":"2024-11-05T17:20:29","guid":{"rendered":"https:\/\/secureus.se\/?post_type=product&#038;p=115303"},"modified":"2026-01-12T12:38:30","modified_gmt":"2026-01-12T11:38:30","slug":"bladderstall-function-wall-10","status":"publish","type":"product","link":"https:\/\/secureus.se\/fr\/bladderstall-function-wall-10\/","title":{"rendered":"Support pour paperboard FUNCTION WALL 10"},"content":{"rendered":"<p>Des stands d\u2019information et de pr\u00e9sentation portant des noms tr\u00e8s diff\u00e9rents ; panneau, affichage, syst\u00e8me de synth\u00e8se, registre d&#039;aile, support PLU, support de document, aide-m\u00e9moire\u2026. Quel que soit son nom, il a de nombreuses utilisations dans les entrep\u00f4ts, dans les installations de production, aux caisses, etc. Les informations fr\u00e9quemment utilis\u00e9es sont stock\u00e9es, rapidement trouv\u00e9es et faciles \u00e0 voir dans le syst\u00e8me de vue d&#039;ensemble. FUNCTION WALL 10 est un support mural en m\u00e9tal complet avec 10 pochettes en plastique num\u00e9risables avec bords rouges et bleus et supports d&#039;en-t\u00eate fixes. Pour les documents au format A4. Lors de l&#039;insertion et du retrait des pochettes, il est conseill\u00e9 de plier l\u00e9g\u00e8rement la pochette avec pr\u00e9caution au milieu le long du c\u00f4t\u00e9 int\u00e9rieur long. Cela permettra d&#039;ins\u00e9rer et de retirer facilement la pochette sans endommager les pointes du support.<\/p>","protected":false},"excerpt":{"rendered":"<p>Support mural complet en m\u00e9tal avec 10 panneaux A4 rabattables pour avoir rapidement et clairement \u00e0 port\u00e9e de main les informations fr\u00e9quemment utilis\u00e9es. <\/p>","protected":false},"featured_media":135147,"template":"","meta":{"_acf_changed":false},"product_brand":[],"product_cat":[4301],"product_tag":[4397],"class_list":{"0":"post-115303","1":"product","2":"type-product","3":"status-publish","4":"has-post-thumbnail","6":"product_cat-tillbehor-till-bladderpanelsystem","7":"product_tag-mix","8":"product_shipping_class-tunga-paket","9":"pa_brands-durable","10":"pa_farg-mix","11":"tm-no-options","13":"first","14":"instock","15":"sale","16":"taxable","17":"shipping-taxable","18":"purchasable","19":"product-type-simple"},"acf":[],"_links":{"self":[{"href":"https:\/\/secureus.se\/fr\/wp-json\/wp\/v2\/product\/115303","targetHints":{"allow":["GET"]}}],"collection":[{"href":"https:\/\/secureus.se\/fr\/wp-json\/wp\/v2\/product"}],"about":[{"href":"https:\/\/secureus.se\/fr\/wp-json\/wp\/v2\/types\/product"}],"wp:featuredmedia":[{"embeddable":true,"href":"https:\/\/secureus.se\/fr\/wp-json\/wp\/v2\/media\/135147"}],"wp:attachment":[{"href":"https:\/\/secureus.se\/fr\/wp-json\/wp\/v2\/media?parent=115303"}],"wp:term":[{"taxonomy":"product_brand","embeddable":true,"href":"https:\/\/secureus.se\/fr\/wp-json\/wp\/v2\/product_brand?post=115303"},{"taxonomy":"product_cat","embeddable":true,"href":"https:\/\/secureus.se\/fr\/wp-json\/wp\/v2\/product_cat?post=115303"},{"taxonomy":"product_tag","embeddable":true,"href":"https:\/\/secureus.se\/fr\/wp-json\/wp\/v2\/product_tag?post=115303"}],"curies":[{"name":"wp","href":"https:\/\/api.w.org\/{rel}","templated":true}]}}