{"id":115319,"date":"2024-11-20T14:14:37","date_gmt":"2024-11-20T13:14:37","guid":{"rendered":"https:\/\/secureus.se\/?post_type=product&#038;p=115319"},"modified":"2026-01-12T12:04:04","modified_gmt":"2026-01-12T11:04:04","slug":"pallficka-a4l-vikbar-kant","status":"publish","type":"product","link":"https:\/\/secureus.se\/fr\/pallficka-a4l-vikbar-kant\/","title":{"rendered":"Pochette palette A4L bord rabattable"},"content":{"rendered":"<p>Un \u00e9tiquetage clair et complet des rehausses de palettes, des palettes et des cartons am\u00e9liore et rationalise le processus de travail dans les entrep\u00f4ts et dans les installations de production. Ces pochettes en plastique en polypropyl\u00e8ne durable sont num\u00e9risables et prot\u00e8gent les inserts rempla\u00e7ables de la salet\u00e9 et de l&#039;usure. Les pochettes sont livr\u00e9es \u00e0 plat et sont pr\u00eates \u00e0 \u00eatre pli\u00e9es pour deux fonctions diff\u00e9rentes. Pliez-le une fois et il devient une pochette inclin\u00e9e \u00e0 90\u00b0 qui peut \u00eatre ins\u00e9r\u00e9e entre des cartons empil\u00e9s. Rien n&#039;a besoin d&#039;\u00eatre coll\u00e9 sur le carton et la pochette est maintenue en place par le poids du carton au-dessus. Pliez deux fois et cela devient comme une poche pli\u00e9e \u00e0 suspendre par exemple sur les bords des rehausses de palette qui mesurent au maximum 22 mm. Un mod\u00e8le gratuit d&#039;\u00e9tiquette est disponible sur www.duraprint.se.<br \/>\nDimensions int\u00e9rieures : A4L (297 x 210 mm L x H)<br \/>\nDimensions ext\u00e9rieures : 317 x 321 mm L x H<br \/>\nAccessoires : \u00c9tiquettes sur feuilles A4, art. N\u00b0 485602<\/p>","protected":false},"excerpt":{"rendered":"<p>Poche palette pour marquer les rehausses de palettes et les cartons. Choisissez entre coller la pochette entre des cartons empil\u00e9s ou la suspendre au bord de la palette.<\/p>","protected":false},"featured_media":133734,"template":"","meta":{"_acf_changed":false},"product_brand":[],"product_cat":[4306],"product_tag":[4395],"class_list":{"0":"post-115319","1":"product","2":"type-product","3":"status-publish","4":"has-post-thumbnail","6":"product_cat-markning-pallstall","7":"product_tag-gul","8":"product_shipping_class-tunga-paket","9":"pa_brands-durable","10":"pa_farg-gul","11":"tm-no-options","13":"first","14":"instock","15":"sale","16":"taxable","17":"shipping-taxable","18":"purchasable","19":"product-type-simple"},"acf":[],"_links":{"self":[{"href":"https:\/\/secureus.se\/fr\/wp-json\/wp\/v2\/product\/115319","targetHints":{"allow":["GET"]}}],"collection":[{"href":"https:\/\/secureus.se\/fr\/wp-json\/wp\/v2\/product"}],"about":[{"href":"https:\/\/secureus.se\/fr\/wp-json\/wp\/v2\/types\/product"}],"wp:featuredmedia":[{"embeddable":true,"href":"https:\/\/secureus.se\/fr\/wp-json\/wp\/v2\/media\/133734"}],"wp:attachment":[{"href":"https:\/\/secureus.se\/fr\/wp-json\/wp\/v2\/media?parent=115319"}],"wp:term":[{"taxonomy":"product_brand","embeddable":true,"href":"https:\/\/secureus.se\/fr\/wp-json\/wp\/v2\/product_brand?post=115319"},{"taxonomy":"product_cat","embeddable":true,"href":"https:\/\/secureus.se\/fr\/wp-json\/wp\/v2\/product_cat?post=115319"},{"taxonomy":"product_tag","embeddable":true,"href":"https:\/\/secureus.se\/fr\/wp-json\/wp\/v2\/product_tag?post=115319"}],"curies":[{"name":"wp","href":"https:\/\/api.w.org\/{rel}","templated":true}]}}